{"id":4958,"date":"2022-09-23T16:21:37","date_gmt":"2022-09-23T13:21:37","guid":{"rendered":"https:\/\/summerdesign.ee\/toode\/cricut-triigitav-kleebis-foolium-punane\/"},"modified":"2026-01-06T18:36:50","modified_gmt":"2026-01-06T15:36:50","slug":"cricut-triigitav-kleebis-foolium-punane","status":"publish","type":"product","link":"https:\/\/summerdesign.ee\/en\/pood\/soodus\/cricut-triigitav-kleebis-foolium-punane\/","title":{"rendered":"Cricut triigitav kleebis foolium &#8211; punane"},"content":{"rendered":"<p>Kohanda oma riideid, aksessuaare, meeskonnar\u00f5ivaid, peo- v\u00f5i kodudekoratsioone ja palju muud selle ilusa foil triigitava kleebisega.<br \/>\nFoil s\u00e4ra ja l\u00e4ige on t\u00e4pselt \u00f5ige pidustusteks ning samas annab ka kodustele dekoratsioonidele juurde klassi selle materjali peegeldav pind.<br \/>\nPressimise temperatuur ja aeg: 145 kraadi ja 30 sekundit.<br \/>\nM\u00f5\u00f5dud: 30,5 x 61 cm<br \/>\n&nbsp;<\/p>","protected":false},"excerpt":{"rendered":"<p>Tarneaeg: 1-3 t\u00f6\u00f6p\u00e4eva<\/p>","protected":false},"featured_media":6145,"template":"","meta":[],"product_brand":[],"product_cat":[311],"product_tag":[],"class_list":{"0":"post-4958","1":"product","2":"type-product","3":"status-publish","4":"has-post-thumbnail","6":"product_cat-soodus","8":"first","9":"instock","10":"sale","11":"taxable","12":"shipping-taxable","13":"purchasable","14":"product-type-simple","15":"prodpage-classic"},"_links":{"self":[{"href":"https:\/\/summerdesign.ee\/en\/wp-json\/wp\/v2\/product\/4958","targetHints":{"allow":["GET"]}}],"collection":[{"href":"https:\/\/summerdesign.ee\/en\/wp-json\/wp\/v2\/product"}],"about":[{"href":"https:\/\/summerdesign.ee\/en\/wp-json\/wp\/v2\/types\/product"}],"wp:featuredmedia":[{"embeddable":true,"href":"https:\/\/summerdesign.ee\/en\/wp-json\/wp\/v2\/media\/6145"}],"wp:attachment":[{"href":"https:\/\/summerdesign.ee\/en\/wp-json\/wp\/v2\/media?parent=4958"}],"wp:term":[{"taxonomy":"product_brand","embeddable":true,"href":"https:\/\/summerdesign.ee\/en\/wp-json\/wp\/v2\/product_brand?post=4958"},{"taxonomy":"product_cat","embeddable":true,"href":"https:\/\/summerdesign.ee\/en\/wp-json\/wp\/v2\/product_cat?post=4958"},{"taxonomy":"product_tag","embeddable":true,"href":"https:\/\/summerdesign.ee\/en\/wp-json\/wp\/v2\/product_tag?post=4958"}],"curies":[{"name":"wp","href":"https:\/\/api.w.org\/{rel}","templated":true}]}}