{"id":4719,"date":"2022-09-23T16:20:15","date_gmt":"2022-09-23T13:20:15","guid":{"rendered":"https:\/\/summerdesign.ee\/toode\/triigitav-kleebis-tumeturkiis-2\/"},"modified":"2026-02-03T03:00:10","modified_gmt":"2026-02-03T00:00:10","slug":"triigitav-kleebis-tumeturkiis-2","status":"publish","type":"product","link":"https:\/\/summerdesign.ee\/en\/pood\/triigitav-kleebis\/sileda-pinnaga\/triigitav-kleebis-tumeturkiis-2\/","title":{"rendered":"Triigitav kleebis &#8211; tumet\u00fcrkiis"},"content":{"rendered":"<p>Triigitav kleebis on \u00f5huke ja paidlik ning vastupidav. Sobib suurep\u00e4raselt kergete aktiivr\u00f5ivaste, kottide jne disainimiseks.<br \/>\nTriigitav kleebis on kaheosaline: pealmine osa on l\u00f5igatav ja triigitav ning alumine osa on \u00fclekandekile, mis hoiab triigitava kleebise \u00fclekandmise ajal paigal. Poolmatt viimistlus. Ei sobi h\u00e4sti kihiliste kahev\u00e4rviliste kujunduste jaoks!<br \/>\nIron-on sticker and fabric compatibility: 100% cotton, 100% polyester, cotton and polyester blends, lycra and spandex blends and nylon.<br \/>\nKuumus: 130 kraadi ja aeg 10 sekundit. Pealmine kile eemaldada kuumalt! Triikrauaga keskmise kuumusega (kaks t\u00e4ppi).<br \/>\nMasinpesu seestpoolt, kasutades pehmet pesuvahendit. \u00c4rge kasutage valgendit, kuivatit! \u00c4rge puhastage keemiliselt. See k\u00f5ik tagab pikaajalise vastupidavuse kujundusele.<\/p>","protected":false},"excerpt":{"rendered":"<p>Triigitav kleebis on \u00f5huke ja paidlik ning vastupidav. Sobib suurep\u00e4raselt kergete aktiivr\u00f5ivaste, kottide jne disainimiseks. Triigitav kleebis on kaheosaline: pealmine osa on l\u00f5igatav ja triigitav ning alumine osa on \u00fclekandekile, mis hoiab triigitava kleebise \u00fclekandmise ajal paigal. Poolmatt viimistlus. Ei sobi h\u00e4sti kihiliste kahev\u00e4rviliste kujunduste jaoks! Triigitava kleebise ja kanga \u00fchilduvus: 100% puuvill, 100% pol\u00fcester,<\/p>","protected":false},"featured_media":6054,"template":"","meta":[],"product_brand":[],"product_cat":[533],"product_tag":[],"class_list":{"0":"post-4719","1":"product","2":"type-product","3":"status-publish","4":"has-post-thumbnail","6":"product_cat-sileda-pinnaga","8":"first","9":"instock","10":"taxable","11":"shipping-taxable","12":"purchasable","13":"product-type-simple","14":"prodpage-classic"},"_links":{"self":[{"href":"https:\/\/summerdesign.ee\/en\/wp-json\/wp\/v2\/product\/4719","targetHints":{"allow":["GET"]}}],"collection":[{"href":"https:\/\/summerdesign.ee\/en\/wp-json\/wp\/v2\/product"}],"about":[{"href":"https:\/\/summerdesign.ee\/en\/wp-json\/wp\/v2\/types\/product"}],"wp:featuredmedia":[{"embeddable":true,"href":"https:\/\/summerdesign.ee\/en\/wp-json\/wp\/v2\/media\/6054"}],"wp:attachment":[{"href":"https:\/\/summerdesign.ee\/en\/wp-json\/wp\/v2\/media?parent=4719"}],"wp:term":[{"taxonomy":"product_brand","embeddable":true,"href":"https:\/\/summerdesign.ee\/en\/wp-json\/wp\/v2\/product_brand?post=4719"},{"taxonomy":"product_cat","embeddable":true,"href":"https:\/\/summerdesign.ee\/en\/wp-json\/wp\/v2\/product_cat?post=4719"},{"taxonomy":"product_tag","embeddable":true,"href":"https:\/\/summerdesign.ee\/en\/wp-json\/wp\/v2\/product_tag?post=4719"}],"curies":[{"name":"wp","href":"https:\/\/api.w.org\/{rel}","templated":true}]}}