{"id":4560,"date":"2022-09-23T16:19:20","date_gmt":"2022-09-23T13:19:20","guid":{"rendered":"https:\/\/summerdesign.ee\/toode\/tahvlimarker-sinine\/"},"modified":"2025-10-21T20:20:46","modified_gmt":"2025-10-21T17:20:46","slug":"tahvlimarker-sinine","status":"publish","type":"product","link":"https:\/\/summerdesign.ee\/en\/pood\/soodus\/tahvlimarker-sinine\/","title":{"rendered":"Tahvlimarker &#8211; sinine"},"content":{"rendered":"<p>Peeneotsalisel markeril on tugev v\u00e4rv, mis on kaugele h\u00e4sti n\u00e4htavad ja seega sobivad suurep\u00e4raselt klassiruumis ja&nbsp; koosolekutel kirjutamiseks valgele tahvlil v\u00f5i&nbsp; akr\u00fc\u00fclist kalenderstendi t\u00e4itmiseks jne. Markeril on tugev pisike magnet, mille abil saab&nbsp;markeri kinnitada tahvli metallist osale ja lisaks on markeri otsas kustutuskumm. Lihtne eemaldada ja puhastada, ei m\u00e4\u00e4ri k\u00e4si ega tumedaid riideid.<br \/>\nMarker on ohutu ja v\u00e4hese l\u00f5hnaga, veep\u00f5hine, mittetoksiline, m\u00e4\u00e4rdumiskindlad ja lastele ohutud.&nbsp;<\/p>","protected":false},"excerpt":{"rendered":"<p>Markeri m\u00f5\u00f5t: 13,8 x 1,1 cm<br \/>\nKirja m\u00f5\u00f5t: 1-2 mm<\/p>","protected":false},"featured_media":7275,"template":"","meta":[],"product_brand":[],"product_cat":[311],"product_tag":[],"class_list":{"0":"post-4560","1":"product","2":"type-product","3":"status-publish","4":"has-post-thumbnail","6":"product_cat-soodus","8":"first","9":"instock","10":"sale","11":"taxable","12":"shipping-taxable","13":"purchasable","14":"product-type-simple","15":"prodpage-classic"},"_links":{"self":[{"href":"https:\/\/summerdesign.ee\/en\/wp-json\/wp\/v2\/product\/4560","targetHints":{"allow":["GET"]}}],"collection":[{"href":"https:\/\/summerdesign.ee\/en\/wp-json\/wp\/v2\/product"}],"about":[{"href":"https:\/\/summerdesign.ee\/en\/wp-json\/wp\/v2\/types\/product"}],"wp:featuredmedia":[{"embeddable":true,"href":"https:\/\/summerdesign.ee\/en\/wp-json\/wp\/v2\/media\/7275"}],"wp:attachment":[{"href":"https:\/\/summerdesign.ee\/en\/wp-json\/wp\/v2\/media?parent=4560"}],"wp:term":[{"taxonomy":"product_brand","embeddable":true,"href":"https:\/\/summerdesign.ee\/en\/wp-json\/wp\/v2\/product_brand?post=4560"},{"taxonomy":"product_cat","embeddable":true,"href":"https:\/\/summerdesign.ee\/en\/wp-json\/wp\/v2\/product_cat?post=4560"},{"taxonomy":"product_tag","embeddable":true,"href":"https:\/\/summerdesign.ee\/en\/wp-json\/wp\/v2\/product_tag?post=4560"}],"curies":[{"name":"wp","href":"https:\/\/api.w.org\/{rel}","templated":true}]}}