{"id":4550,"date":"2022-09-23T16:19:17","date_gmt":"2022-09-23T13:19:17","guid":{"rendered":"https:\/\/summerdesign.ee\/toode\/kartong-sile-punane\/"},"modified":"2025-10-21T20:22:06","modified_gmt":"2025-10-21T17:22:06","slug":"kartong-sile-punane","status":"publish","type":"product","link":"https:\/\/summerdesign.ee\/en\/pood\/soodus\/kartong-sile-punane\/","title":{"rendered":"Kartong 216 g 1 leht &#8211; poppy"},"content":{"rendered":"<p><span style=\", Helvetica, sans-serif\">See sileda pinnaga kartong on 216g ja sobib ideaalselt b\u00e4nnerite, mahuliste topperite jne tegemiseks.<\/span><br style=\", Helvetica, sans-serif\" \/><br \/>\n<span style=\", Helvetica, sans-serif\">Kaardi p\u00f5hjaks j\u00e4\u00e4b pisut liiga \u00f5hukeseks.<\/span><\/p>","protected":false},"excerpt":{"rendered":"<p>\u200bM\u00f5\u00f5t: 30,5 x 30,5 cm ja 216 g.<\/p>","protected":false},"featured_media":18348,"template":"","meta":[],"product_brand":[],"product_cat":[311],"product_tag":[],"class_list":{"0":"post-4550","1":"product","2":"type-product","3":"status-publish","4":"has-post-thumbnail","6":"product_cat-soodus","8":"first","9":"instock","10":"sale","11":"taxable","12":"shipping-taxable","13":"purchasable","14":"product-type-simple","15":"prodpage-classic"},"_links":{"self":[{"href":"https:\/\/summerdesign.ee\/en\/wp-json\/wp\/v2\/product\/4550","targetHints":{"allow":["GET"]}}],"collection":[{"href":"https:\/\/summerdesign.ee\/en\/wp-json\/wp\/v2\/product"}],"about":[{"href":"https:\/\/summerdesign.ee\/en\/wp-json\/wp\/v2\/types\/product"}],"wp:featuredmedia":[{"embeddable":true,"href":"https:\/\/summerdesign.ee\/en\/wp-json\/wp\/v2\/media\/18348"}],"wp:attachment":[{"href":"https:\/\/summerdesign.ee\/en\/wp-json\/wp\/v2\/media?parent=4550"}],"wp:term":[{"taxonomy":"product_brand","embeddable":true,"href":"https:\/\/summerdesign.ee\/en\/wp-json\/wp\/v2\/product_brand?post=4550"},{"taxonomy":"product_cat","embeddable":true,"href":"https:\/\/summerdesign.ee\/en\/wp-json\/wp\/v2\/product_cat?post=4550"},{"taxonomy":"product_tag","embeddable":true,"href":"https:\/\/summerdesign.ee\/en\/wp-json\/wp\/v2\/product_tag?post=4550"}],"curies":[{"name":"wp","href":"https:\/\/api.w.org\/{rel}","templated":true}]}}