{"id":21984,"date":"2026-05-17T18:34:25","date_gmt":"2026-05-17T15:34:25","guid":{"rendered":"https:\/\/summerdesign.ee\/pood\/maaratlemata\/plastikust-joogipudel-750-ml-5-tk-erinevat-varvi\/"},"modified":"2026-05-17T19:17:06","modified_gmt":"2026-05-17T16:17:06","slug":"plastikust-joogipudel-750-ml-5-tk-erinevat-varvi","status":"publish","type":"product","link":"https:\/\/summerdesign.ee\/en\/pood\/ettetellimine\/muud-tooted-tellimisega\/plastikust-joogipudel-750-ml-5-tk-erinevat-varvi\/","title":{"rendered":"Plastikust joogipudel 750 ml 5 tk &#8211; erinevat v\u00e4rvi"},"content":{"rendered":"","protected":false},"excerpt":{"rendered":"<p>Toode on ettetellimisega ja minimaalne kogus on 5 tk, \u00fche pudeli hind 4.30 \u20ac<\/p>\n<p>Pudeli maht: 750 ml<br \/>\nM\u00f5\u00f5dud: \u00d8 7 x 25 cm<br \/>\nMaterjal: RPET, PP, silicone<\/p>","protected":false},"featured_media":21991,"template":"","meta":[],"product_brand":[],"product_cat":[655],"product_tag":[],"class_list":{"0":"post-21984","1":"product","2":"type-product","3":"status-publish","4":"has-post-thumbnail","6":"product_cat-muud-tooted-tellimisega","8":"first","9":"onbackorder","10":"taxable","11":"shipping-taxable","12":"purchasable","13":"product-type-variable","14":"prodpage-classic"},"_links":{"self":[{"href":"https:\/\/summerdesign.ee\/en\/wp-json\/wp\/v2\/product\/21984","targetHints":{"allow":["GET"]}}],"collection":[{"href":"https:\/\/summerdesign.ee\/en\/wp-json\/wp\/v2\/product"}],"about":[{"href":"https:\/\/summerdesign.ee\/en\/wp-json\/wp\/v2\/types\/product"}],"wp:featuredmedia":[{"embeddable":true,"href":"https:\/\/summerdesign.ee\/en\/wp-json\/wp\/v2\/media\/21991"}],"wp:attachment":[{"href":"https:\/\/summerdesign.ee\/en\/wp-json\/wp\/v2\/media?parent=21984"}],"wp:term":[{"taxonomy":"product_brand","embeddable":true,"href":"https:\/\/summerdesign.ee\/en\/wp-json\/wp\/v2\/product_brand?post=21984"},{"taxonomy":"product_cat","embeddable":true,"href":"https:\/\/summerdesign.ee\/en\/wp-json\/wp\/v2\/product_cat?post=21984"},{"taxonomy":"product_tag","embeddable":true,"href":"https:\/\/summerdesign.ee\/en\/wp-json\/wp\/v2\/product_tag?post=21984"}],"curies":[{"name":"wp","href":"https:\/\/api.w.org\/{rel}","templated":true}]}}