{"id":21946,"date":"2026-05-16T16:34:57","date_gmt":"2026-05-16T13:34:57","guid":{"rendered":"https:\/\/summerdesign.ee\/pood\/maaratlemata\/lounasoogikott-erinevat-varvi\/"},"modified":"2026-05-17T10:20:10","modified_gmt":"2026-05-17T07:20:10","slug":"lounasoogikott-erinevat-varvi","status":"publish","type":"product","link":"https:\/\/summerdesign.ee\/en\/pood\/ettetellimine\/muud-kotid-tellimisega\/lounasoogikott-erinevat-varvi\/","title":{"rendered":"L\u00f5unas\u00f6\u00f6gikott &#8211; erinevat v\u00e4rvi"},"content":{"rendered":"<p>Lukuga peasahtliga l\u00f5unas\u00f6\u00f6gikott, millel v\u00e4line lukuga esitasku kaunistuste h\u00f5lpsaks lisamiseks. Lisa juurde k\u00fclmaelement ja su l\u00f5unas\u00f6\u00f6k seisab pikalt jahedana.<br \/>\nT\u00e4ielikult isoleeritud<br \/>\nBPA- ja ftalaadivaba<br \/>\nMaht: umbes 3 liitrit<br \/>\nNB! K\u00fclmaelement ei kuulu komplekti.<br \/>\n&nbsp;<\/p>","protected":false},"excerpt":{"rendered":"<p>Toode on ettetellimisega.<\/p>\n<p>M\u00f5\u00f5dud: 24 x 20 x 8 cm<br \/>\nMaterjal: 100% pol\u00fcester<\/p>","protected":false},"featured_media":21951,"template":"","meta":[],"product_brand":[],"product_cat":[630],"product_tag":[],"class_list":{"0":"post-21946","1":"product","2":"type-product","3":"status-publish","4":"has-post-thumbnail","6":"product_cat-muud-kotid-tellimisega","8":"first","9":"onbackorder","10":"taxable","11":"shipping-taxable","12":"purchasable","13":"product-type-variable","14":"prodpage-classic"},"_links":{"self":[{"href":"https:\/\/summerdesign.ee\/en\/wp-json\/wp\/v2\/product\/21946","targetHints":{"allow":["GET"]}}],"collection":[{"href":"https:\/\/summerdesign.ee\/en\/wp-json\/wp\/v2\/product"}],"about":[{"href":"https:\/\/summerdesign.ee\/en\/wp-json\/wp\/v2\/types\/product"}],"wp:featuredmedia":[{"embeddable":true,"href":"https:\/\/summerdesign.ee\/en\/wp-json\/wp\/v2\/media\/21951"}],"wp:attachment":[{"href":"https:\/\/summerdesign.ee\/en\/wp-json\/wp\/v2\/media?parent=21946"}],"wp:term":[{"taxonomy":"product_brand","embeddable":true,"href":"https:\/\/summerdesign.ee\/en\/wp-json\/wp\/v2\/product_brand?post=21946"},{"taxonomy":"product_cat","embeddable":true,"href":"https:\/\/summerdesign.ee\/en\/wp-json\/wp\/v2\/product_cat?post=21946"},{"taxonomy":"product_tag","embeddable":true,"href":"https:\/\/summerdesign.ee\/en\/wp-json\/wp\/v2\/product_tag?post=21946"}],"curies":[{"name":"wp","href":"https:\/\/api.w.org\/{rel}","templated":true}]}}