{"id":21886,"date":"2026-04-20T19:16:09","date_gmt":"2026-04-20T16:16:09","guid":{"rendered":"https:\/\/summerdesign.ee\/pood\/maaratlemata\/vaessen-creative-liim-25ml\/"},"modified":"2026-04-23T16:43:08","modified_gmt":"2026-04-23T13:43:08","slug":"vaessen-creative-liim-25ml","status":"publish","type":"product","link":"https:\/\/summerdesign.ee\/en\/pood\/tarvikud\/liimid\/vaessen-creative-liim-25ml\/","title":{"rendered":"Vaessen Creative liim 25ml"},"content":{"rendered":"<p>Vaessen Creative liim on valge, l\u00f5hnatu, veep\u00f5hine k\u00e4sit\u00f6\u00f6liim, mis kuivab l\u00e4bipaistvaks. Peenike otsik muudab selle ideaalseks v\u00e4ikeste detailide t\u00e4pseks ja p\u00fcsivaks liimimiseks. Sobib suurep\u00e4raselt igasugusteks loovprojektideks, nagu scrapbooking, dekoratsioonid, \u00f5nnitluskaardid, kutsed, dekupaa\u017e, isetegemise projektid ja k\u00e4sit\u00f6\u00f6t\u00f6\u00f6toad.<br \/>\nUniversaalne koostis nakkub erinevate materjalidega, nagu paber, kartong, puit ja kangas. Kanna \u00f5huke kiht m\u00f5lemale pinnale, lase veidi kuivada ning seej\u00e4rel suru detailid tugevalt kokku. T\u00e4pne kuivamisaeg s\u00f5ltub materjalist.<br \/>\nHoia liimi k\u00fclmumisvabas keskkonnas.<br \/>\nNB!: Liim sisaldab CMIT\/MIT-i, mis v\u00f5ib p\u00f5hjustada allergilist reaktsiooni.<\/p>","protected":false},"excerpt":{"rendered":"<p>Tarneaeg: 1-3 t\u00f6\u00f6p\u00e4eva<\/p>","protected":false},"featured_media":21885,"template":"","meta":[],"product_brand":[],"product_cat":[627],"product_tag":[],"class_list":{"0":"post-21886","1":"product","2":"type-product","3":"status-publish","4":"has-post-thumbnail","6":"product_cat-liimid","8":"first","9":"instock","10":"taxable","11":"shipping-taxable","12":"purchasable","13":"product-type-simple","14":"prodpage-classic"},"_links":{"self":[{"href":"https:\/\/summerdesign.ee\/en\/wp-json\/wp\/v2\/product\/21886","targetHints":{"allow":["GET"]}}],"collection":[{"href":"https:\/\/summerdesign.ee\/en\/wp-json\/wp\/v2\/product"}],"about":[{"href":"https:\/\/summerdesign.ee\/en\/wp-json\/wp\/v2\/types\/product"}],"wp:featuredmedia":[{"embeddable":true,"href":"https:\/\/summerdesign.ee\/en\/wp-json\/wp\/v2\/media\/21885"}],"wp:attachment":[{"href":"https:\/\/summerdesign.ee\/en\/wp-json\/wp\/v2\/media?parent=21886"}],"wp:term":[{"taxonomy":"product_brand","embeddable":true,"href":"https:\/\/summerdesign.ee\/en\/wp-json\/wp\/v2\/product_brand?post=21886"},{"taxonomy":"product_cat","embeddable":true,"href":"https:\/\/summerdesign.ee\/en\/wp-json\/wp\/v2\/product_cat?post=21886"},{"taxonomy":"product_tag","embeddable":true,"href":"https:\/\/summerdesign.ee\/en\/wp-json\/wp\/v2\/product_tag?post=21886"}],"curies":[{"name":"wp","href":"https:\/\/api.w.org\/{rel}","templated":true}]}}