{"id":21884,"date":"2026-04-20T19:01:40","date_gmt":"2026-04-20T16:01:40","guid":{"rendered":"https:\/\/summerdesign.ee\/pood\/maaratlemata\/kartong-a4-216-g-hele-leheroheline-2\/"},"modified":"2026-05-07T12:16:46","modified_gmt":"2026-05-07T09:16:46","slug":"kartong-a4-216-g-hele-leheroheline-2","status":"publish","type":"product","link":"https:\/\/summerdesign.ee\/en\/pood\/paber\/sileda-pinnaga-kartong-a4\/kartong-a4-216-g-hele-leheroheline-2\/","title":{"rendered":"Kartong A4 216 g &#8211; hele leheroheline"},"content":{"rendered":"<p>Kartong on m\u00f5lemalt poolt sileda pinnaga.<br \/>\nB\u00e4nnerite, topperite jne valmistamiseks.<br \/>\nSobib l\u00f5ikamiseks digitaalsete ja manuaalsete l\u00f5ikemasinatega.<\/p>","protected":false},"excerpt":{"rendered":"<p>Tarneaeg: 1-3 t\u00f6\u00f6p\u00e4eva<\/p>","protected":false},"featured_media":21883,"template":"","meta":[],"product_brand":[],"product_cat":[495],"product_tag":[],"class_list":{"0":"post-21884","1":"product","2":"type-product","3":"status-publish","4":"has-post-thumbnail","6":"product_cat-sileda-pinnaga-kartong-a4","8":"first","9":"instock","10":"taxable","11":"shipping-taxable","12":"purchasable","13":"product-type-simple","14":"prodpage-classic"},"_links":{"self":[{"href":"https:\/\/summerdesign.ee\/en\/wp-json\/wp\/v2\/product\/21884","targetHints":{"allow":["GET"]}}],"collection":[{"href":"https:\/\/summerdesign.ee\/en\/wp-json\/wp\/v2\/product"}],"about":[{"href":"https:\/\/summerdesign.ee\/en\/wp-json\/wp\/v2\/types\/product"}],"wp:featuredmedia":[{"embeddable":true,"href":"https:\/\/summerdesign.ee\/en\/wp-json\/wp\/v2\/media\/21883"}],"wp:attachment":[{"href":"https:\/\/summerdesign.ee\/en\/wp-json\/wp\/v2\/media?parent=21884"}],"wp:term":[{"taxonomy":"product_brand","embeddable":true,"href":"https:\/\/summerdesign.ee\/en\/wp-json\/wp\/v2\/product_brand?post=21884"},{"taxonomy":"product_cat","embeddable":true,"href":"https:\/\/summerdesign.ee\/en\/wp-json\/wp\/v2\/product_cat?post=21884"},{"taxonomy":"product_tag","embeddable":true,"href":"https:\/\/summerdesign.ee\/en\/wp-json\/wp\/v2\/product_tag?post=21884"}],"curies":[{"name":"wp","href":"https:\/\/api.w.org\/{rel}","templated":true}]}}