{"id":21869,"date":"2026-04-17T10:58:47","date_gmt":"2026-04-17T07:58:47","guid":{"rendered":"https:\/\/summerdesign.ee\/pood\/maaratlemata\/brother-scanncut-matt-norga-kleepuvusega\/"},"modified":"2026-04-17T12:11:08","modified_gmt":"2026-04-17T09:11:08","slug":"brother-scanncut-matt-norga-kleepuvusega","status":"publish","type":"product","link":"https:\/\/summerdesign.ee\/en\/pood\/ettetellimine\/brother-tooted-tellimisega\/brother-scanncut-matt-norga-kleepuvusega\/","title":{"rendered":"Brother ScanNCut CM seeria matt n\u00f5rga kleepuvusega"},"content":{"rendered":"<p>Brother ScanNCut matt n\u00f5rga kleepuvusega 305 x 305 mm suurune matt on spetsiaalselt loodud \u00f5rna v\u00f5i \u00f5hukese paberi, n\u00e4iteks printeripaberi v\u00f5i p\u00e4rgamendi (paksus vahemikus 0,1\u20130,3 mm) jaoks.<br \/>\nToode sobib kasutamiseks Brother ScanNCut&nbsp;<strong data-end=\"768\" data-start=\"755\">CM seeria&nbsp;<\/strong>skaneerimis- ja l\u00f5ikamisseadmega.<\/p>","protected":false},"excerpt":{"rendered":"<p>Toode on ettetellimisega ja ooteaeg on 3-4 n\u00e4dalat!<\/p>","protected":false},"featured_media":21868,"template":"","meta":[],"product_brand":[],"product_cat":[654],"product_tag":[],"class_list":{"0":"post-21869","1":"product","2":"type-product","3":"status-publish","4":"has-post-thumbnail","6":"product_cat-brother-tooted-tellimisega","8":"first","9":"onbackorder","10":"taxable","11":"shipping-taxable","12":"purchasable","13":"product-type-simple","14":"prodpage-classic"},"_links":{"self":[{"href":"https:\/\/summerdesign.ee\/en\/wp-json\/wp\/v2\/product\/21869","targetHints":{"allow":["GET"]}}],"collection":[{"href":"https:\/\/summerdesign.ee\/en\/wp-json\/wp\/v2\/product"}],"about":[{"href":"https:\/\/summerdesign.ee\/en\/wp-json\/wp\/v2\/types\/product"}],"wp:featuredmedia":[{"embeddable":true,"href":"https:\/\/summerdesign.ee\/en\/wp-json\/wp\/v2\/media\/21868"}],"wp:attachment":[{"href":"https:\/\/summerdesign.ee\/en\/wp-json\/wp\/v2\/media?parent=21869"}],"wp:term":[{"taxonomy":"product_brand","embeddable":true,"href":"https:\/\/summerdesign.ee\/en\/wp-json\/wp\/v2\/product_brand?post=21869"},{"taxonomy":"product_cat","embeddable":true,"href":"https:\/\/summerdesign.ee\/en\/wp-json\/wp\/v2\/product_cat?post=21869"},{"taxonomy":"product_tag","embeddable":true,"href":"https:\/\/summerdesign.ee\/en\/wp-json\/wp\/v2\/product_tag?post=21869"}],"curies":[{"name":"wp","href":"https:\/\/api.w.org\/{rel}","templated":true}]}}