{"id":21774,"date":"2026-02-28T15:48:32","date_gmt":"2026-02-28T12:48:32","guid":{"rendered":"https:\/\/summerdesign.ee\/pood\/maaratlemata\/tekstuurne-triigitav-kleebis-mint\/"},"modified":"2026-03-01T03:00:09","modified_gmt":"2026-03-01T00:00:09","slug":"tekstuurne-triigitav-kleebis-mint","status":"publish","type":"product","link":"https:\/\/summerdesign.ee\/en\/pood\/triigitav-kleebis\/tekstuurse-pinnaga\/tekstuurne-triigitav-kleebis-mint\/","title":{"rendered":"Tekstuurne triigitav kleebis &#8211; mint"},"content":{"rendered":"<p>Mati ja pehme viimistlusega tektuurne triigitav kleebis j\u00e4tab peale paigaldust kergelt 3D efekti.&nbsp;<span style=\", Helvetica, sans-serif\">The iron-on sticker is flexible and durable. Great for designing clothes, bags, etc.<\/span><br \/>\n<span style=\", Helvetica, sans-serif\">The iron-on transfer sticker has two parts: the top part is cut and iron-on, and the bottom part is a transfer film that holds the iron-on transfer sticker in place.<br \/>\n<strong>Iron-on sticker and fabric compatibility:<\/strong>&nbsp;100% puuvill, 100% pol\u00fcester, puuvill ja pol\u00fcester segud (testida enne peale kandmist).<br \/>\n<strong>Kuumus:<\/strong>&nbsp;150 kraadi 15 sekundit. Pealmine kile eemaldada jahtunult!<br \/>\n<strong>Hooldus peale paigaldust:<\/strong>&nbsp;Mitte pesta enne 48 h m\u00f6\u00f6dumist paigaldusest. Masinpesu seestpoolt, kasutades pehmet pesuvahendit. NB! \u00c4rge kasutage valgendit, kuivatit! \u00c4rge puhastage keemiliselt. See k\u00f5ik tagab pikaajalise vastupidavuse kujundusele.<\/span><\/p>\n<p>NB! K\u00f5ikide triigitavate kleebiste kujundamisel on soovituslik t\u00e4htede ja logode joone paksuseks v\u00e4hemalt 3 mm. See aitab \u00e4ra hoida kanga venitades kleebise purunemist.<\/p>","protected":false},"excerpt":{"rendered":"<p>Tarneaeg: 1-3 t\u00f6\u00f6p\u00e4eva<br \/>\nSize: 30.5 x 50 cm<\/p>\n<p>NB! Reaalne toon on mahedam ja heledam kui tehase pildil. <\/p>","protected":false},"featured_media":21779,"template":"","meta":[],"product_brand":[],"product_cat":[651],"product_tag":[],"class_list":{"0":"post-21774","1":"product","2":"type-product","3":"status-publish","4":"has-post-thumbnail","6":"product_cat-tekstuurse-pinnaga","8":"first","9":"instock","10":"taxable","11":"shipping-taxable","12":"purchasable","13":"product-type-simple","14":"prodpage-classic"},"_links":{"self":[{"href":"https:\/\/summerdesign.ee\/en\/wp-json\/wp\/v2\/product\/21774","targetHints":{"allow":["GET"]}}],"collection":[{"href":"https:\/\/summerdesign.ee\/en\/wp-json\/wp\/v2\/product"}],"about":[{"href":"https:\/\/summerdesign.ee\/en\/wp-json\/wp\/v2\/types\/product"}],"wp:featuredmedia":[{"embeddable":true,"href":"https:\/\/summerdesign.ee\/en\/wp-json\/wp\/v2\/media\/21779"}],"wp:attachment":[{"href":"https:\/\/summerdesign.ee\/en\/wp-json\/wp\/v2\/media?parent=21774"}],"wp:term":[{"taxonomy":"product_brand","embeddable":true,"href":"https:\/\/summerdesign.ee\/en\/wp-json\/wp\/v2\/product_brand?post=21774"},{"taxonomy":"product_cat","embeddable":true,"href":"https:\/\/summerdesign.ee\/en\/wp-json\/wp\/v2\/product_cat?post=21774"},{"taxonomy":"product_tag","embeddable":true,"href":"https:\/\/summerdesign.ee\/en\/wp-json\/wp\/v2\/product_tag?post=21774"}],"curies":[{"name":"wp","href":"https:\/\/api.w.org\/{rel}","templated":true}]}}