{"id":21746,"date":"2026-02-18T11:28:07","date_gmt":"2026-02-18T08:28:07","guid":{"rendered":"https:\/\/summerdesign.ee\/pood\/maaratlemata\/lillede-valmistamise-toovahendid\/"},"modified":"2026-03-29T14:25:48","modified_gmt":"2026-03-29T11:25:48","slug":"lillede-valmistamise-toovahendid","status":"publish","type":"product","link":"https:\/\/summerdesign.ee\/en\/pood\/soodus\/lillede-valmistamise-toovahendid\/","title":{"rendered":"Lillede valmistamise t\u00f6\u00f6vahendid"},"content":{"rendered":"<p>T\u00f6\u00f6vahendid reljeeftr\u00fcki vormimiseks, lillede vormimiseks ja t\u00e4ppide tegemiseks.<br \/>\nM\u00f5\u00f5dud:\u00a02 ja 6 mm &#8211; 3 ja 8 mm &#8211; 8 ja 12 mm.<\/p>","protected":false},"excerpt":{"rendered":"<p>Tarneaeg: 1-3 t\u00f6\u00f6p\u00e4eva<\/p>","protected":false},"featured_media":21745,"template":"","meta":[],"product_brand":[],"product_cat":[311],"product_tag":[],"class_list":{"0":"post-21746","1":"product","2":"type-product","3":"status-publish","4":"has-post-thumbnail","6":"product_cat-soodus","8":"first","9":"instock","10":"sale","11":"taxable","12":"shipping-taxable","13":"purchasable","14":"product-type-simple","15":"prodpage-classic"},"_links":{"self":[{"href":"https:\/\/summerdesign.ee\/en\/wp-json\/wp\/v2\/product\/21746","targetHints":{"allow":["GET"]}}],"collection":[{"href":"https:\/\/summerdesign.ee\/en\/wp-json\/wp\/v2\/product"}],"about":[{"href":"https:\/\/summerdesign.ee\/en\/wp-json\/wp\/v2\/types\/product"}],"wp:featuredmedia":[{"embeddable":true,"href":"https:\/\/summerdesign.ee\/en\/wp-json\/wp\/v2\/media\/21745"}],"wp:attachment":[{"href":"https:\/\/summerdesign.ee\/en\/wp-json\/wp\/v2\/media?parent=21746"}],"wp:term":[{"taxonomy":"product_brand","embeddable":true,"href":"https:\/\/summerdesign.ee\/en\/wp-json\/wp\/v2\/product_brand?post=21746"},{"taxonomy":"product_cat","embeddable":true,"href":"https:\/\/summerdesign.ee\/en\/wp-json\/wp\/v2\/product_cat?post=21746"},{"taxonomy":"product_tag","embeddable":true,"href":"https:\/\/summerdesign.ee\/en\/wp-json\/wp\/v2\/product_tag?post=21746"}],"curies":[{"name":"wp","href":"https:\/\/api.w.org\/{rel}","templated":true}]}}