{"id":21637,"date":"2026-01-04T13:52:56","date_gmt":"2026-01-04T10:52:56","guid":{"rendered":"https:\/\/summerdesign.ee\/pood\/maaratlemata\/vintage-stiilis-nokamuts-erinevat-varvi\/"},"modified":"2026-01-04T14:23:31","modified_gmt":"2026-01-04T11:23:31","slug":"vintage-stiilis-nokamuts-erinevat-varvi","status":"publish","type":"product","link":"https:\/\/summerdesign.ee\/en\/pood\/ettetellimine\/mutsid-ja-sallid-tellimisega\/vintage-stiilis-nokamuts-erinevat-varvi\/","title":{"rendered":"Vintage stiilis nokam\u00fcts &#8211; erinevat v\u00e4rvi"},"content":{"rendered":"<p>Populaarne ja stiilne kulutatud v\u00e4limusega nokam\u00fcts on madala profiiliga.<br \/>\nEelk\u00f5verdatud nokk.<br \/>\n\u00d5mmeldud ventilatsiooniavad.<br \/>\nTagaosas on metallist pandlaga reguleerimise aas.<\/p>","protected":false},"excerpt":{"rendered":"<p>M\u00f5\u00f5dud: one size<br \/>\nMaterjal: 100% puuvill<\/p>","protected":false},"featured_media":21644,"template":"","meta":[],"product_brand":[],"product_cat":[629],"product_tag":[],"class_list":{"0":"post-21637","1":"product","2":"type-product","3":"status-publish","4":"has-post-thumbnail","6":"product_cat-mutsid-ja-sallid-tellimisega","8":"first","9":"onbackorder","10":"taxable","11":"shipping-taxable","12":"purchasable","13":"product-type-variable","14":"prodpage-classic"},"_links":{"self":[{"href":"https:\/\/summerdesign.ee\/en\/wp-json\/wp\/v2\/product\/21637","targetHints":{"allow":["GET"]}}],"collection":[{"href":"https:\/\/summerdesign.ee\/en\/wp-json\/wp\/v2\/product"}],"about":[{"href":"https:\/\/summerdesign.ee\/en\/wp-json\/wp\/v2\/types\/product"}],"wp:featuredmedia":[{"embeddable":true,"href":"https:\/\/summerdesign.ee\/en\/wp-json\/wp\/v2\/media\/21644"}],"wp:attachment":[{"href":"https:\/\/summerdesign.ee\/en\/wp-json\/wp\/v2\/media?parent=21637"}],"wp:term":[{"taxonomy":"product_brand","embeddable":true,"href":"https:\/\/summerdesign.ee\/en\/wp-json\/wp\/v2\/product_brand?post=21637"},{"taxonomy":"product_cat","embeddable":true,"href":"https:\/\/summerdesign.ee\/en\/wp-json\/wp\/v2\/product_cat?post=21637"},{"taxonomy":"product_tag","embeddable":true,"href":"https:\/\/summerdesign.ee\/en\/wp-json\/wp\/v2\/product_tag?post=21637"}],"curies":[{"name":"wp","href":"https:\/\/api.w.org\/{rel}","templated":true}]}}