{"id":21481,"date":"2025-11-22T09:20:12","date_gmt":"2025-11-22T06:20:12","guid":{"rendered":"https:\/\/summerdesign.ee\/pood\/maaratlemata\/geelpliiatsite-komplekt\/"},"modified":"2025-11-29T03:00:29","modified_gmt":"2025-11-29T00:00:29","slug":"geelpliiatsite-komplekt","status":"publish","type":"product","link":"https:\/\/summerdesign.ee\/en\/pood\/tarvikud\/joonistamise-ja-kirjutamise-vahendid\/geelpliiatsite-komplekt\/","title":{"rendered":"Geelpliiatsite komplekt"},"content":{"rendered":"<p>Komplektis: 1 x valge, 1 x kuldne ja 1 x h\u00f5bedane geelpliiats<\/p>","protected":false},"excerpt":{"rendered":"<p>Tarneaeg: 1-3 t\u00f6\u00f6p\u00e4eva<\/p>","protected":false},"featured_media":21480,"template":"","meta":[],"product_brand":[],"product_cat":[628],"product_tag":[],"class_list":{"0":"post-21481","1":"product","2":"type-product","3":"status-publish","4":"has-post-thumbnail","6":"product_cat-joonistamise-ja-kirjutamise-vahendid","8":"first","9":"instock","10":"taxable","11":"shipping-taxable","12":"purchasable","13":"product-type-simple","14":"prodpage-classic"},"_links":{"self":[{"href":"https:\/\/summerdesign.ee\/en\/wp-json\/wp\/v2\/product\/21481","targetHints":{"allow":["GET"]}}],"collection":[{"href":"https:\/\/summerdesign.ee\/en\/wp-json\/wp\/v2\/product"}],"about":[{"href":"https:\/\/summerdesign.ee\/en\/wp-json\/wp\/v2\/types\/product"}],"wp:featuredmedia":[{"embeddable":true,"href":"https:\/\/summerdesign.ee\/en\/wp-json\/wp\/v2\/media\/21480"}],"wp:attachment":[{"href":"https:\/\/summerdesign.ee\/en\/wp-json\/wp\/v2\/media?parent=21481"}],"wp:term":[{"taxonomy":"product_brand","embeddable":true,"href":"https:\/\/summerdesign.ee\/en\/wp-json\/wp\/v2\/product_brand?post=21481"},{"taxonomy":"product_cat","embeddable":true,"href":"https:\/\/summerdesign.ee\/en\/wp-json\/wp\/v2\/product_cat?post=21481"},{"taxonomy":"product_tag","embeddable":true,"href":"https:\/\/summerdesign.ee\/en\/wp-json\/wp\/v2\/product_tag?post=21481"}],"curies":[{"name":"wp","href":"https:\/\/api.w.org\/{rel}","templated":true}]}}