{"id":21463,"date":"2025-11-18T20:19:22","date_gmt":"2025-11-18T17:19:22","guid":{"rendered":"https:\/\/summerdesign.ee\/pood\/maaratlemata\/studio-light-liim-60-ml\/"},"modified":"2026-05-13T03:00:12","modified_gmt":"2026-05-13T00:00:12","slug":"studio-light-liim-60-ml","status":"publish","type":"product","link":"https:\/\/summerdesign.ee\/en\/pood\/tarvikud\/teibid-ja-liimid\/studio-light-liim-60-ml\/","title":{"rendered":"Studio Light liim 60 ml"},"content":{"rendered":"<p>Liim kuivab l\u00e4bipaistvaks ja elastseks. Eriti peene t\u00e4ppisotsaga.<br \/>\nK\u00f5ikide k\u00e4sit\u00f6\u00f6- ja isetegemisprojektide jaoks.<\/p>","protected":false},"excerpt":{"rendered":"<p>Liim kuivab l\u00e4bipaistvaks ja elastseks. Eriti peene t\u00e4ppisotsaga. K\u00f5ikide k\u00e4sit\u00f6\u00f6- ja isetegemisprojektide jaoks.<\/p>","protected":false},"featured_media":21474,"template":"","meta":[],"product_brand":[],"product_cat":[283],"product_tag":[],"class_list":{"0":"post-21463","1":"product","2":"type-product","3":"status-publish","4":"has-post-thumbnail","6":"product_cat-teibid-ja-liimid","8":"first","9":"instock","10":"taxable","11":"shipping-taxable","12":"purchasable","13":"product-type-simple","14":"prodpage-classic"},"_links":{"self":[{"href":"https:\/\/summerdesign.ee\/en\/wp-json\/wp\/v2\/product\/21463","targetHints":{"allow":["GET"]}}],"collection":[{"href":"https:\/\/summerdesign.ee\/en\/wp-json\/wp\/v2\/product"}],"about":[{"href":"https:\/\/summerdesign.ee\/en\/wp-json\/wp\/v2\/types\/product"}],"wp:featuredmedia":[{"embeddable":true,"href":"https:\/\/summerdesign.ee\/en\/wp-json\/wp\/v2\/media\/21474"}],"wp:attachment":[{"href":"https:\/\/summerdesign.ee\/en\/wp-json\/wp\/v2\/media?parent=21463"}],"wp:term":[{"taxonomy":"product_brand","embeddable":true,"href":"https:\/\/summerdesign.ee\/en\/wp-json\/wp\/v2\/product_brand?post=21463"},{"taxonomy":"product_cat","embeddable":true,"href":"https:\/\/summerdesign.ee\/en\/wp-json\/wp\/v2\/product_cat?post=21463"},{"taxonomy":"product_tag","embeddable":true,"href":"https:\/\/summerdesign.ee\/en\/wp-json\/wp\/v2\/product_tag?post=21463"}],"curies":[{"name":"wp","href":"https:\/\/api.w.org\/{rel}","templated":true}]}}