{"id":21423,"date":"2025-11-08T10:28:12","date_gmt":"2025-11-08T07:28:12","guid":{"rendered":"https:\/\/summerdesign.ee\/pood\/maaratlemata\/loklik-automaatne-tassipress\/"},"modified":"2025-11-08T11:24:55","modified_gmt":"2025-11-08T08:24:55","slug":"loklik-automaatne-tassipress","status":"publish","type":"product","link":"https:\/\/summerdesign.ee\/en\/pood\/ettetellimine\/loklik-tooted-tellimisega\/loklik-automaatne-tassipress\/","title":{"rendered":"LOKLiK automaatne tassipress"},"content":{"rendered":"<p>Ainult \u00fche vajutusega reguleerib ja rakendab LOKLiK kuumpress automaatselt ideaalset r\u00f5hku vastavalt sinu valitud tooriku l\u00e4bim\u00f5\u00f5dule.<br \/>\nPikendatud ja suurem kuumutusplaat muudab selle pressi sobivaks mitmesuguste esemete, n\u00e4iteks kruuside, klaaside, trummelklaaside ja veepudelite jaoks. See sobib silindriliste keraamiliste, roostevabast terasest v\u00f5i klaasist esemete jaoks, mille l\u00e4bim\u00f5\u00f5t on&nbsp;7,5 kuni 8,5 cm ning max pikkus 21 cm.<br \/>\nT\u00e4nu sisseehitatud LED-ekraanile ja kohandatud s\u00e4tete nuppudele saate kasutamise ajal h\u00f5lpsalt kontrollida ja reguleerida temperatuuri (kuni 200 \u00b0C) ja aega (kuni 600 sekundit).&nbsp;<br \/>\nMasin kaalub vaid 4,5 kg m\u00f5\u00f5tmetega 32,8 x 27,8 x 16 cm mahub automaatne termospress ideaalselt v\u00e4ikestesse ruumidesse ja lisab teie t\u00f6\u00f6kohale k\u00f5rgtehnoloogilist h\u00f5ngu.&nbsp;<\/p>","protected":false},"excerpt":{"rendered":"<p>Toode on ettetellimisega ja ooteaeg 7-10 t\u00f6\u00f6p\u00e4eva<\/p>","protected":false},"featured_media":21419,"template":"","meta":[],"product_brand":[],"product_cat":[634],"product_tag":[],"class_list":{"0":"post-21423","1":"product","2":"type-product","3":"status-publish","4":"has-post-thumbnail","6":"product_cat-loklik-tooted-tellimisega","8":"first","9":"onbackorder","10":"taxable","11":"shipping-taxable","12":"purchasable","13":"product-type-simple","14":"prodpage-classic"},"_links":{"self":[{"href":"https:\/\/summerdesign.ee\/en\/wp-json\/wp\/v2\/product\/21423","targetHints":{"allow":["GET"]}}],"collection":[{"href":"https:\/\/summerdesign.ee\/en\/wp-json\/wp\/v2\/product"}],"about":[{"href":"https:\/\/summerdesign.ee\/en\/wp-json\/wp\/v2\/types\/product"}],"wp:featuredmedia":[{"embeddable":true,"href":"https:\/\/summerdesign.ee\/en\/wp-json\/wp\/v2\/media\/21419"}],"wp:attachment":[{"href":"https:\/\/summerdesign.ee\/en\/wp-json\/wp\/v2\/media?parent=21423"}],"wp:term":[{"taxonomy":"product_brand","embeddable":true,"href":"https:\/\/summerdesign.ee\/en\/wp-json\/wp\/v2\/product_brand?post=21423"},{"taxonomy":"product_cat","embeddable":true,"href":"https:\/\/summerdesign.ee\/en\/wp-json\/wp\/v2\/product_cat?post=21423"},{"taxonomy":"product_tag","embeddable":true,"href":"https:\/\/summerdesign.ee\/en\/wp-json\/wp\/v2\/product_tag?post=21423"}],"curies":[{"name":"wp","href":"https:\/\/api.w.org\/{rel}","templated":true}]}}