{"id":21380,"date":"2025-10-28T20:28:30","date_gmt":"2025-10-28T17:28:30","guid":{"rendered":"https:\/\/summerdesign.ee\/pood\/maaratlemata\/labipaistev-akruulist-toorik-5-tk\/"},"modified":"2026-02-24T20:15:27","modified_gmt":"2026-02-24T17:15:27","slug":"labipaistev-akruulist-toorik-5-tk","status":"publish","type":"product","link":"https:\/\/summerdesign.ee\/en\/pood\/soodus\/labipaistev-akruulist-toorik-5-tk\/","title":{"rendered":"L\u00e4bipaistev akr\u00fc\u00fclist toorik 5 tk"},"content":{"rendered":"<p>L\u00e4bipaistev akr\u00fc\u00fclplastist toorik, mida saad vastavalt oma soovidele kaunistada. Toorik on kaetud m\u00f5lemast k\u00fcljest kaitsekilega.<br \/>\nM\u00f5\u00f5dud: 7,5 x 9 cm, tooriku paksus 1 mm, augu l\u00e4bim\u00f5\u00f5t 3,6 mm.<\/p>","protected":false},"excerpt":{"rendered":"<p>Tarneaeg: 1-3 t\u00f6\u00f6p\u00e4eva<\/p>","protected":false},"featured_media":21385,"template":"","meta":[],"product_brand":[],"product_cat":[311],"product_tag":[],"class_list":{"0":"post-21380","1":"product","2":"type-product","3":"status-publish","4":"has-post-thumbnail","6":"product_cat-soodus","8":"first","9":"instock","10":"sale","11":"taxable","12":"shipping-taxable","13":"purchasable","14":"product-type-simple","15":"prodpage-classic"},"_links":{"self":[{"href":"https:\/\/summerdesign.ee\/en\/wp-json\/wp\/v2\/product\/21380","targetHints":{"allow":["GET"]}}],"collection":[{"href":"https:\/\/summerdesign.ee\/en\/wp-json\/wp\/v2\/product"}],"about":[{"href":"https:\/\/summerdesign.ee\/en\/wp-json\/wp\/v2\/types\/product"}],"wp:featuredmedia":[{"embeddable":true,"href":"https:\/\/summerdesign.ee\/en\/wp-json\/wp\/v2\/media\/21385"}],"wp:attachment":[{"href":"https:\/\/summerdesign.ee\/en\/wp-json\/wp\/v2\/media?parent=21380"}],"wp:term":[{"taxonomy":"product_brand","embeddable":true,"href":"https:\/\/summerdesign.ee\/en\/wp-json\/wp\/v2\/product_brand?post=21380"},{"taxonomy":"product_cat","embeddable":true,"href":"https:\/\/summerdesign.ee\/en\/wp-json\/wp\/v2\/product_cat?post=21380"},{"taxonomy":"product_tag","embeddable":true,"href":"https:\/\/summerdesign.ee\/en\/wp-json\/wp\/v2\/product_tag?post=21380"}],"curies":[{"name":"wp","href":"https:\/\/api.w.org\/{rel}","templated":true}]}}