{"id":21349,"date":"2025-10-26T12:29:23","date_gmt":"2025-10-26T09:29:23","guid":{"rendered":"https:\/\/summerdesign.ee\/pood\/maaratlemata\/loklik-keskmise-tugevusega-loikematt-305-x-305-3-tk\/"},"modified":"2025-10-27T10:59:12","modified_gmt":"2025-10-27T07:59:12","slug":"loklik-keskmise-tugevusega-loikematt-305-x-305-3-tk","status":"publish","type":"product","link":"https:\/\/summerdesign.ee\/en\/pood\/ettetellimine\/loklik-tooted-tellimisega\/loklik-keskmise-tugevusega-loikematt-305-x-305-3-tk\/","title":{"rendered":"LOKLiK keskmise tugevusega l\u00f5ikematt 30,5 x 30,5 3 tk"},"content":{"rendered":"<p>Rohelist v\u00e4rvi l\u00f5ikematt on keskmise tugevuse liimiga, mis sobib keskmist nakkumist vajavate materjalide l\u00f5ikamiseks.<br \/>\nNB! Tugevama liimiga kui Cricut lilla matt ning pisut j\u00e4igem mati materjal!<\/p>\n<p>Pakis:\u00a03 x rohelist l\u00f5ikematti<br \/>\n1 x puhastuskaabits<\/p>","protected":false},"excerpt":{"rendered":"<p>Toode on ettetellimisega ja ooteaeg 2-3 n\u00e4dalat!<\/p>","protected":false},"featured_media":21348,"template":"","meta":[],"product_brand":[],"product_cat":[634],"product_tag":[],"class_list":{"0":"post-21349","1":"product","2":"type-product","3":"status-publish","4":"has-post-thumbnail","6":"product_cat-loklik-tooted-tellimisega","8":"first","9":"onbackorder","10":"taxable","11":"shipping-taxable","12":"purchasable","13":"product-type-simple","14":"prodpage-classic"},"_links":{"self":[{"href":"https:\/\/summerdesign.ee\/en\/wp-json\/wp\/v2\/product\/21349","targetHints":{"allow":["GET"]}}],"collection":[{"href":"https:\/\/summerdesign.ee\/en\/wp-json\/wp\/v2\/product"}],"about":[{"href":"https:\/\/summerdesign.ee\/en\/wp-json\/wp\/v2\/types\/product"}],"wp:featuredmedia":[{"embeddable":true,"href":"https:\/\/summerdesign.ee\/en\/wp-json\/wp\/v2\/media\/21348"}],"wp:attachment":[{"href":"https:\/\/summerdesign.ee\/en\/wp-json\/wp\/v2\/media?parent=21349"}],"wp:term":[{"taxonomy":"product_brand","embeddable":true,"href":"https:\/\/summerdesign.ee\/en\/wp-json\/wp\/v2\/product_brand?post=21349"},{"taxonomy":"product_cat","embeddable":true,"href":"https:\/\/summerdesign.ee\/en\/wp-json\/wp\/v2\/product_cat?post=21349"},{"taxonomy":"product_tag","embeddable":true,"href":"https:\/\/summerdesign.ee\/en\/wp-json\/wp\/v2\/product_tag?post=21349"}],"curies":[{"name":"wp","href":"https:\/\/api.w.org\/{rel}","templated":true}]}}