{"id":20972,"date":"2025-10-20T13:12:07","date_gmt":"2025-10-20T10:12:07","guid":{"rendered":"https:\/\/summerdesign.ee\/pood\/maaratlemata\/labipaistev-akruulist-toorik\/"},"modified":"2025-11-10T03:00:11","modified_gmt":"2025-11-10T00:00:11","slug":"labipaistev-akruulist-toorik","status":"publish","type":"product","link":"https:\/\/summerdesign.ee\/en\/pood\/tarvikud\/akruulplastist-toorikud\/labipaistev-akruulist-toorik\/","title":{"rendered":"L\u00e4bipaistev akr\u00fc\u00fclist toorik 1 tk"},"content":{"rendered":"<p>\u00d5hukesest akr\u00fc\u00fclist l\u00e4bipaistev toorik on suurep\u00e4rane alusmaterjal, mida oma soovide j\u00e4rgi kaunistada vin\u00fc\u00fclkleebiste, paberite, v\u00e4rvide vms. Valmista j\u00e4rjehoidja, v\u00f5tmehoidja vms.&nbsp;<br \/>\nValminud Eestis Summer Design O\u00dc tellimusel!<\/p>","protected":false},"excerpt":{"rendered":"<p>M\u00f5\u00f5t: 3,5 x 14 cm<br \/>\nPaksus: 2 mm<\/p>","protected":false},"featured_media":20971,"template":"","meta":[],"product_brand":[],"product_cat":[275],"product_tag":[],"class_list":{"0":"post-20972","1":"product","2":"type-product","3":"status-publish","4":"has-post-thumbnail","6":"product_cat-akruulplastist-toorikud","8":"first","9":"outofstock","10":"taxable","11":"shipping-taxable","12":"purchasable","13":"product-type-simple","14":"prodpage-classic"},"_links":{"self":[{"href":"https:\/\/summerdesign.ee\/en\/wp-json\/wp\/v2\/product\/20972","targetHints":{"allow":["GET"]}}],"collection":[{"href":"https:\/\/summerdesign.ee\/en\/wp-json\/wp\/v2\/product"}],"about":[{"href":"https:\/\/summerdesign.ee\/en\/wp-json\/wp\/v2\/types\/product"}],"wp:featuredmedia":[{"embeddable":true,"href":"https:\/\/summerdesign.ee\/en\/wp-json\/wp\/v2\/media\/20971"}],"wp:attachment":[{"href":"https:\/\/summerdesign.ee\/en\/wp-json\/wp\/v2\/media?parent=20972"}],"wp:term":[{"taxonomy":"product_brand","embeddable":true,"href":"https:\/\/summerdesign.ee\/en\/wp-json\/wp\/v2\/product_brand?post=20972"},{"taxonomy":"product_cat","embeddable":true,"href":"https:\/\/summerdesign.ee\/en\/wp-json\/wp\/v2\/product_cat?post=20972"},{"taxonomy":"product_tag","embeddable":true,"href":"https:\/\/summerdesign.ee\/en\/wp-json\/wp\/v2\/product_tag?post=20972"}],"curies":[{"name":"wp","href":"https:\/\/api.w.org\/{rel}","templated":true}]}}