{"id":20942,"date":"2025-10-20T13:11:24","date_gmt":"2025-10-20T10:11:24","guid":{"rendered":"https:\/\/summerdesign.ee\/pood\/maaratlemata\/sametine-kott-jade\/"},"modified":"2025-10-23T10:02:24","modified_gmt":"2025-10-23T07:02:24","slug":"sametine-kott-jade","status":"publish","type":"product","link":"https:\/\/summerdesign.ee\/en\/pood\/ettetellimine\/sametised-tooted-tellimisega\/sametine-kott-jade\/","title":{"rendered":"Sametine kott &#8211; jade"},"content":{"rendered":"<p>Sametise pinnaga p\u00f5hjaga kott on valmistatud 100% taaskasutatud pol\u00fcester sametist ja vooder 100% taaskasutatud pol\u00fcester.<br \/>\nKaunistuseks peidetud lukuga vooder.<br \/>\nKuldne metallist t\u00f5mblukk.<\/p>","protected":false},"excerpt":{"rendered":"<p>Kott on saadaval kahes suuruses!<\/p>","protected":false},"featured_media":20940,"template":"","meta":[],"product_brand":[],"product_cat":[631],"product_tag":[],"class_list":{"0":"post-20942","1":"product","2":"type-product","3":"status-publish","4":"has-post-thumbnail","6":"product_cat-sametised-tooted-tellimisega","8":"first","9":"onbackorder","10":"taxable","11":"shipping-taxable","12":"purchasable","13":"product-type-variable","14":"prodpage-classic"},"_links":{"self":[{"href":"https:\/\/summerdesign.ee\/en\/wp-json\/wp\/v2\/product\/20942","targetHints":{"allow":["GET"]}}],"collection":[{"href":"https:\/\/summerdesign.ee\/en\/wp-json\/wp\/v2\/product"}],"about":[{"href":"https:\/\/summerdesign.ee\/en\/wp-json\/wp\/v2\/types\/product"}],"wp:featuredmedia":[{"embeddable":true,"href":"https:\/\/summerdesign.ee\/en\/wp-json\/wp\/v2\/media\/20940"}],"wp:attachment":[{"href":"https:\/\/summerdesign.ee\/en\/wp-json\/wp\/v2\/media?parent=20942"}],"wp:term":[{"taxonomy":"product_brand","embeddable":true,"href":"https:\/\/summerdesign.ee\/en\/wp-json\/wp\/v2\/product_brand?post=20942"},{"taxonomy":"product_cat","embeddable":true,"href":"https:\/\/summerdesign.ee\/en\/wp-json\/wp\/v2\/product_cat?post=20942"},{"taxonomy":"product_tag","embeddable":true,"href":"https:\/\/summerdesign.ee\/en\/wp-json\/wp\/v2\/product_tag?post=20942"}],"curies":[{"name":"wp","href":"https:\/\/api.w.org\/{rel}","templated":true}]}}