{"id":20701,"date":"2025-09-20T16:14:15","date_gmt":"2025-09-20T13:14:15","guid":{"rendered":"https:\/\/summerdesign.ee\/pood\/maaratlemata\/liimipustol\/"},"modified":"2025-10-21T20:22:23","modified_gmt":"2025-10-21T17:22:23","slug":"liimipustol","status":"publish","type":"product","link":"https:\/\/summerdesign.ee\/en\/pood\/tarvikud\/toovahendid\/liimipustol\/","title":{"rendered":"Liimip\u00fcstol"},"content":{"rendered":"<p>Liimip\u00fcstol on kuumliimip\u00fcstol, mis sobib paljudeks k\u00e4sit\u00f6\u00f6projektideks v\u00f5i remondit\u00f6\u00f6deks. Liimip\u00fcstolit on lihtne kasutada. Liimip\u00fcstol kuumeneb kiiresti: see on kasutusvalmis kolme kuni viie minutiga. Liimi saab kasutada paljude erinevate materjalide, n\u00e4iteks puidu, metalli, plasti, paberi, naha, kangaste, keraamika, klaasi ja paljude muude materjalide liimimiseks. See teeb liimip\u00fcstolist ideaalse t\u00f6\u00f6riista igale loomingulisele inimesele.<br \/>\nTemperatuur: 193 \u00b0C<\/p>\n<p>NB! Kui liimip\u00fcstolit ei kasutata, asetage see alati kuumakindlale pinnale, kuna liim v\u00f5ib maha tilkuda. L\u00fclitage p\u00fcstol v\u00e4lja, kui te seda pikemat aega ei vaja, et v\u00e4ltida liimi tarbetut mahavalgumist.<\/p>","protected":false},"excerpt":{"rendered":"<p>Liimip\u00fcstolile sobivad liimipulgad l\u00e4bim\u00f5\u00f5duga 7,4 mm.<\/p>","protected":false},"featured_media":20700,"template":"","meta":[],"product_brand":[],"product_cat":[287],"product_tag":[],"class_list":{"0":"post-20701","1":"product","2":"type-product","3":"status-publish","4":"has-post-thumbnail","6":"product_cat-toovahendid","8":"first","9":"instock","10":"taxable","11":"shipping-taxable","12":"purchasable","13":"product-type-simple","14":"prodpage-classic"},"_links":{"self":[{"href":"https:\/\/summerdesign.ee\/en\/wp-json\/wp\/v2\/product\/20701","targetHints":{"allow":["GET"]}}],"collection":[{"href":"https:\/\/summerdesign.ee\/en\/wp-json\/wp\/v2\/product"}],"about":[{"href":"https:\/\/summerdesign.ee\/en\/wp-json\/wp\/v2\/types\/product"}],"wp:featuredmedia":[{"embeddable":true,"href":"https:\/\/summerdesign.ee\/en\/wp-json\/wp\/v2\/media\/20700"}],"wp:attachment":[{"href":"https:\/\/summerdesign.ee\/en\/wp-json\/wp\/v2\/media?parent=20701"}],"wp:term":[{"taxonomy":"product_brand","embeddable":true,"href":"https:\/\/summerdesign.ee\/en\/wp-json\/wp\/v2\/product_brand?post=20701"},{"taxonomy":"product_cat","embeddable":true,"href":"https:\/\/summerdesign.ee\/en\/wp-json\/wp\/v2\/product_cat?post=20701"},{"taxonomy":"product_tag","embeddable":true,"href":"https:\/\/summerdesign.ee\/en\/wp-json\/wp\/v2\/product_tag?post=20701"}],"curies":[{"name":"wp","href":"https:\/\/api.w.org\/{rel}","templated":true}]}}