{"id":20697,"date":"2025-09-20T16:14:01","date_gmt":"2025-09-20T13:14:01","guid":{"rendered":"https:\/\/summerdesign.ee\/pood\/maaratlemata\/kaaride-komplekt\/"},"modified":"2025-10-21T20:21:28","modified_gmt":"2025-10-21T17:21:28","slug":"kaaride-komplekt","status":"publish","type":"product","link":"https:\/\/summerdesign.ee\/en\/pood\/tarvikud\/toovahendid\/kaaride-komplekt\/","title":{"rendered":"K\u00e4\u00e4ride komplekt"},"content":{"rendered":"<p>K\u00e4sit\u00f6\u00f6k\u00e4\u00e4ride komplekt annab sulle iga projekti jaoks \u00f5ige t\u00f6\u00f6riista. Olenemata sellest, kas l\u00f5ikad paberit, kangast v\u00f5i muid materjale, \u00fchendab see kolmest k\u00e4\u00e4rist koosnev komplekt tugevuse ja t\u00e4psuse. Kahel suurel k\u00e4\u00e4ril on pehme haardega ergonoomilised k\u00e4epidemed, mis on valmistatud TPR-ist (termoplastkumm) ja plastikust, terade pikkusega 3,1 ja 4,3 tolli. Detailsema t\u00f6\u00f6 jaoks kasuta v\u00e4ikeseid t\u00e4ppisk\u00e4\u00e4re, millel on vastupidav plastk\u00e4epide ja \u00fclipeen ots.<br \/>\nLisaks mitmek\u00fclgsusele ja vastupidavusele on k\u00f5ik terad valmistatud roostevabast terasest, mis tagab pikaajalise teravuse. T\u00e4nu erinevatele suurustele on see ideaalne k\u00e4\u00e4ride komplekt koju, kooli v\u00f5i loomingulisse stuudiosse. Lisa see universaalne komplekt oma k\u00e4sit\u00f6\u00f6tarvikute hulka ja naudi sujuvamat ja t\u00e4psemat l\u00f5ikamist!<\/p>","protected":false},"excerpt":{"rendered":"<p>Komplektis 3 erineva suurusega k\u00e4\u00e4rid.<\/p>","protected":false},"featured_media":20695,"template":"","meta":[],"product_brand":[],"product_cat":[287],"product_tag":[],"class_list":{"0":"post-20697","1":"product","2":"type-product","3":"status-publish","4":"has-post-thumbnail","6":"product_cat-toovahendid","8":"first","9":"instock","10":"taxable","11":"shipping-taxable","12":"purchasable","13":"product-type-simple","14":"prodpage-classic"},"_links":{"self":[{"href":"https:\/\/summerdesign.ee\/en\/wp-json\/wp\/v2\/product\/20697","targetHints":{"allow":["GET"]}}],"collection":[{"href":"https:\/\/summerdesign.ee\/en\/wp-json\/wp\/v2\/product"}],"about":[{"href":"https:\/\/summerdesign.ee\/en\/wp-json\/wp\/v2\/types\/product"}],"wp:featuredmedia":[{"embeddable":true,"href":"https:\/\/summerdesign.ee\/en\/wp-json\/wp\/v2\/media\/20695"}],"wp:attachment":[{"href":"https:\/\/summerdesign.ee\/en\/wp-json\/wp\/v2\/media?parent=20697"}],"wp:term":[{"taxonomy":"product_brand","embeddable":true,"href":"https:\/\/summerdesign.ee\/en\/wp-json\/wp\/v2\/product_brand?post=20697"},{"taxonomy":"product_cat","embeddable":true,"href":"https:\/\/summerdesign.ee\/en\/wp-json\/wp\/v2\/product_cat?post=20697"},{"taxonomy":"product_tag","embeddable":true,"href":"https:\/\/summerdesign.ee\/en\/wp-json\/wp\/v2\/product_tag?post=20697"}],"curies":[{"name":"wp","href":"https:\/\/api.w.org\/{rel}","templated":true}]}}