{"id":20692,"date":"2025-09-20T15:44:11","date_gmt":"2025-09-20T12:44:11","guid":{"rendered":"https:\/\/summerdesign.ee\/pood\/maaratlemata\/lillede-valmistamise-komplekt\/"},"modified":"2026-04-20T20:14:02","modified_gmt":"2026-04-20T17:14:02","slug":"lillede-valmistamise-komplekt","status":"publish","type":"product","link":"https:\/\/summerdesign.ee\/en\/pood\/tarvikud\/toovahendid\/lillede-valmistamise-komplekt\/","title":{"rendered":"Lillede valmistamise komplekt"},"content":{"rendered":"<p>Komplektis: matt ja kaks t\u00f6\u00f6riista, millel kaks erineva suurusega \u00fcmarad otsad erinevas suuruses lillede modeleerimiseks.<\/p>","protected":false},"excerpt":{"rendered":"<p>Mati m\u00f5\u00f5dud: 148 x 210 x 4 mm<br \/>\n\u00dcmarate otsade l\u00e4bim\u00f5\u00f5dud: 2 ja 6 mm, 4 ja 8 mm<\/p>","protected":false},"featured_media":20691,"template":"","meta":[],"product_brand":[],"product_cat":[287],"product_tag":[],"class_list":{"0":"post-20692","1":"product","2":"type-product","3":"status-publish","4":"has-post-thumbnail","6":"product_cat-toovahendid","8":"first","9":"instock","10":"sale","11":"taxable","12":"shipping-taxable","13":"purchasable","14":"product-type-simple","15":"prodpage-classic"},"_links":{"self":[{"href":"https:\/\/summerdesign.ee\/en\/wp-json\/wp\/v2\/product\/20692","targetHints":{"allow":["GET"]}}],"collection":[{"href":"https:\/\/summerdesign.ee\/en\/wp-json\/wp\/v2\/product"}],"about":[{"href":"https:\/\/summerdesign.ee\/en\/wp-json\/wp\/v2\/types\/product"}],"wp:featuredmedia":[{"embeddable":true,"href":"https:\/\/summerdesign.ee\/en\/wp-json\/wp\/v2\/media\/20691"}],"wp:attachment":[{"href":"https:\/\/summerdesign.ee\/en\/wp-json\/wp\/v2\/media?parent=20692"}],"wp:term":[{"taxonomy":"product_brand","embeddable":true,"href":"https:\/\/summerdesign.ee\/en\/wp-json\/wp\/v2\/product_brand?post=20692"},{"taxonomy":"product_cat","embeddable":true,"href":"https:\/\/summerdesign.ee\/en\/wp-json\/wp\/v2\/product_cat?post=20692"},{"taxonomy":"product_tag","embeddable":true,"href":"https:\/\/summerdesign.ee\/en\/wp-json\/wp\/v2\/product_tag?post=20692"}],"curies":[{"name":"wp","href":"https:\/\/api.w.org\/{rel}","templated":true}]}}