{"id":20684,"date":"2025-09-20T13:14:32","date_gmt":"2025-09-20T10:14:32","guid":{"rendered":"https:\/\/summerdesign.ee\/pood\/maaratlemata\/peegelpinnaga-kartong-a4-250-g-angel-fire\/"},"modified":"2025-10-21T20:23:18","modified_gmt":"2025-10-21T17:23:18","slug":"peegelpinnaga-kartong-a4-250-g-angel-fire","status":"publish","type":"product","link":"https:\/\/summerdesign.ee\/en\/pood\/paber\/peegel-ja-satiinkartong\/peegelpinnaga-kartong-a4-250-g-angel-fire\/","title":{"rendered":"Peegelpinnaga kartong A4 &#8211; angel fire"},"content":{"rendered":"<p>\u00dchepoolse peegelpinnaga kartong, millest saad valmistada toppereid, b\u00e4nnereid jne.<br \/>\n<span style=\", Helvetica, sans-serif\">Sobib l\u00f5ikamiseks digitaalsete ja manuaalsete l\u00f5ikemasinatega.<br \/>\nM\u00f5\u00f5t: A4, <\/span>250 g\/m\u00b2<br \/>\n<span style=\", Helvetica, sans-serif\">Pakis: 5 lehte<\/span><\/p>","protected":false},"excerpt":{"rendered":"<p>Tarneaeg: 1 &#8211; 3 t\u00f6\u00f6p\u00e4eva<\/p>","protected":false},"featured_media":21309,"template":"","meta":[],"product_brand":[],"product_cat":[278],"product_tag":[],"class_list":{"0":"post-20684","1":"product","2":"type-product","3":"status-publish","4":"has-post-thumbnail","6":"product_cat-peegel-ja-satiinkartong","8":"first","9":"instock","10":"taxable","11":"shipping-taxable","12":"purchasable","13":"product-type-simple","14":"prodpage-classic"},"_links":{"self":[{"href":"https:\/\/summerdesign.ee\/en\/wp-json\/wp\/v2\/product\/20684","targetHints":{"allow":["GET"]}}],"collection":[{"href":"https:\/\/summerdesign.ee\/en\/wp-json\/wp\/v2\/product"}],"about":[{"href":"https:\/\/summerdesign.ee\/en\/wp-json\/wp\/v2\/types\/product"}],"wp:featuredmedia":[{"embeddable":true,"href":"https:\/\/summerdesign.ee\/en\/wp-json\/wp\/v2\/media\/21309"}],"wp:attachment":[{"href":"https:\/\/summerdesign.ee\/en\/wp-json\/wp\/v2\/media?parent=20684"}],"wp:term":[{"taxonomy":"product_brand","embeddable":true,"href":"https:\/\/summerdesign.ee\/en\/wp-json\/wp\/v2\/product_brand?post=20684"},{"taxonomy":"product_cat","embeddable":true,"href":"https:\/\/summerdesign.ee\/en\/wp-json\/wp\/v2\/product_cat?post=20684"},{"taxonomy":"product_tag","embeddable":true,"href":"https:\/\/summerdesign.ee\/en\/wp-json\/wp\/v2\/product_tag?post=20684"}],"curies":[{"name":"wp","href":"https:\/\/api.w.org\/{rel}","templated":true}]}}