{"id":20673,"date":"2025-09-19T19:58:55","date_gmt":"2025-09-19T16:58:55","guid":{"rendered":"https:\/\/summerdesign.ee\/pood\/maaratlemata\/kartong-a4-216-g-mahe-roosa\/"},"modified":"2026-04-14T03:00:11","modified_gmt":"2026-04-14T00:00:11","slug":"kartong-a4-216-g-mahe-roosa","status":"publish","type":"product","link":"https:\/\/summerdesign.ee\/en\/pood\/paber\/tekstuurse-pinnaga-kartong-a4\/kartong-a4-216-g-mahe-roosa\/","title":{"rendered":"Kartong A4 216 g &#8211; mahe roosa"},"content":{"rendered":"<p>Kartongi \u00fcks lehepool on \u00f5rnalt tekstuurne, teine pool on siledam.<br \/>\nB\u00e4nnerite, topperite jne valmistamiseks.<br \/>\nSobib l\u00f5ikamiseks digitaalsete ja manuaalsete l\u00f5ikemasinatega.<\/p>","protected":false},"excerpt":{"rendered":"<p>Tarneaeg: 1-3 t\u00f6\u00f6p\u00e4eva<br \/>\nPakis: 10 lehte<\/p>\n<p>NB! Reaalne toon on pisut mahedam!<\/p>","protected":false},"featured_media":20674,"template":"","meta":[],"product_brand":[],"product_cat":[496],"product_tag":[],"class_list":{"0":"post-20673","1":"product","2":"type-product","3":"status-publish","4":"has-post-thumbnail","6":"product_cat-tekstuurse-pinnaga-kartong-a4","8":"first","9":"instock","10":"taxable","11":"shipping-taxable","12":"purchasable","13":"product-type-simple","14":"prodpage-classic"},"_links":{"self":[{"href":"https:\/\/summerdesign.ee\/en\/wp-json\/wp\/v2\/product\/20673","targetHints":{"allow":["GET"]}}],"collection":[{"href":"https:\/\/summerdesign.ee\/en\/wp-json\/wp\/v2\/product"}],"about":[{"href":"https:\/\/summerdesign.ee\/en\/wp-json\/wp\/v2\/types\/product"}],"wp:featuredmedia":[{"embeddable":true,"href":"https:\/\/summerdesign.ee\/en\/wp-json\/wp\/v2\/media\/20674"}],"wp:attachment":[{"href":"https:\/\/summerdesign.ee\/en\/wp-json\/wp\/v2\/media?parent=20673"}],"wp:term":[{"taxonomy":"product_brand","embeddable":true,"href":"https:\/\/summerdesign.ee\/en\/wp-json\/wp\/v2\/product_brand?post=20673"},{"taxonomy":"product_cat","embeddable":true,"href":"https:\/\/summerdesign.ee\/en\/wp-json\/wp\/v2\/product_cat?post=20673"},{"taxonomy":"product_tag","embeddable":true,"href":"https:\/\/summerdesign.ee\/en\/wp-json\/wp\/v2\/product_tag?post=20673"}],"curies":[{"name":"wp","href":"https:\/\/api.w.org\/{rel}","templated":true}]}}