{"id":20671,"date":"2025-09-19T19:44:57","date_gmt":"2025-09-19T16:44:57","guid":{"rendered":"https:\/\/summerdesign.ee\/pood\/maaratlemata\/kartong-a4-216-g-soe-helelilla\/"},"modified":"2026-04-17T03:00:12","modified_gmt":"2026-04-17T00:00:12","slug":"kartong-a4-216-g-soe-helelilla","status":"publish","type":"product","link":"https:\/\/summerdesign.ee\/en\/pood\/paber\/tekstuurse-pinnaga-kartong-a4\/kartong-a4-216-g-soe-helelilla\/","title":{"rendered":"Kartong A4 216 g &#8211; soe helelilla"},"content":{"rendered":"<p>Kartongi \u00fcks lehepool on \u00f5rnalt tekstuurne, teine pool on siledam.<br \/>\nB\u00e4nnerite, topperite jne valmistamiseks.<br \/>\nSobib l\u00f5ikamiseks digitaalsete ja manuaalsete l\u00f5ikemasinatega.<\/p>","protected":false},"excerpt":{"rendered":"<p>Tarneaeg: 1-3 t\u00f6\u00f6p\u00e4eva<br \/>\nPakis: 10 lehte<\/p>","protected":false},"featured_media":20672,"template":"","meta":[],"product_brand":[],"product_cat":[496],"product_tag":[],"class_list":{"0":"post-20671","1":"product","2":"type-product","3":"status-publish","4":"has-post-thumbnail","6":"product_cat-tekstuurse-pinnaga-kartong-a4","8":"first","9":"instock","10":"taxable","11":"shipping-taxable","12":"purchasable","13":"product-type-simple","14":"prodpage-classic"},"_links":{"self":[{"href":"https:\/\/summerdesign.ee\/en\/wp-json\/wp\/v2\/product\/20671","targetHints":{"allow":["GET"]}}],"collection":[{"href":"https:\/\/summerdesign.ee\/en\/wp-json\/wp\/v2\/product"}],"about":[{"href":"https:\/\/summerdesign.ee\/en\/wp-json\/wp\/v2\/types\/product"}],"wp:featuredmedia":[{"embeddable":true,"href":"https:\/\/summerdesign.ee\/en\/wp-json\/wp\/v2\/media\/20672"}],"wp:attachment":[{"href":"https:\/\/summerdesign.ee\/en\/wp-json\/wp\/v2\/media?parent=20671"}],"wp:term":[{"taxonomy":"product_brand","embeddable":true,"href":"https:\/\/summerdesign.ee\/en\/wp-json\/wp\/v2\/product_brand?post=20671"},{"taxonomy":"product_cat","embeddable":true,"href":"https:\/\/summerdesign.ee\/en\/wp-json\/wp\/v2\/product_cat?post=20671"},{"taxonomy":"product_tag","embeddable":true,"href":"https:\/\/summerdesign.ee\/en\/wp-json\/wp\/v2\/product_tag?post=20671"}],"curies":[{"name":"wp","href":"https:\/\/api.w.org\/{rel}","templated":true}]}}