{"id":20661,"date":"2025-09-18T20:44:07","date_gmt":"2025-09-18T17:44:07","guid":{"rendered":"https:\/\/summerdesign.ee\/pood\/maaratlemata\/ringiloikur-%e2%8c%806-ja-loikematt\/"},"modified":"2025-10-23T13:53:16","modified_gmt":"2025-10-23T10:53:16","slug":"ringiloikur-%e2%8c%806-ja-loikematt","status":"publish","type":"product","link":"https:\/\/summerdesign.ee\/en\/pood\/ettetellimine\/tarvikud-tellimisega\/ringiloikur-%e2%8c%806-ja-loikematt\/","title":{"rendered":"Ringil\u00f5ikur \u23006&#8243; ja l\u00f5ikematt"},"content":{"rendered":"<p>Ringil\u00f5ikuriga saate kiiresti ja h\u00f5lpsalt teha t\u00e4iuslikke ringe l\u00e4bim\u00f5\u00f5duga 2,5\u201315 cm. Ringil\u00f5ikur sobib ideaalselt k\u00f5igiks teie pabermeisterdamisprojektideks, n\u00e4iteks lastega meisterdamiseks, v\u00e4rviliste paberlillede valmistamiseks ja muuks. T\u00e4nu kaasasolevale isekleepuvale l\u00f5ikematile on v\u00f5imalik ringe l\u00f5igata ka v\u00e4iksematest paberit\u00fckkidest. Selleks asetage paberileht l\u00f5ikematile ja vajutage seda kergelt, et see kleepuks. Seej\u00e4rel p\u00fcsib paber kindlalt paigal.<\/p>\n<p>Ringil\u00f5ikur sobib kuni 250 GSM paksuse paberi, kartongi, kuni 2 mm paksuse vahtplasti, kahaneva fooliumi ja paljude muude materjalide l\u00f5ikamiseks. L\u00e4bim\u00f5\u00f5tu on lihtne reguleerida ja t\u00e4nu mugavale k\u00e4epidemele saate vaevata l\u00f5igata kauneid ringe. Ringil\u00f5ikur p\u00fcsib libisemiskindla aluse t\u00f5ttu kasutamise ajal paigal. Juhul, kui tera pole enam piisavalt terav, on kaane all p\u00f5hjas kolm varutera, mis on turvaliselt hoiustatud. L\u00f5ikematt on vastupidav, pestav ja valmistatud keskkonnas\u00f5bralikust PP-st. Isekleepuva l\u00f5ikematiga ringil\u00f5ikuriga on kaasas ka mugav kasutusjuhend.<\/p>","protected":false},"excerpt":{"rendered":"<p>Ringil\u00f5ikuriga saate kiiresti ja h\u00f5lpsalt teha t\u00e4iuslikke ringe l\u00e4bim\u00f5\u00f5duga 2,5\u201315 cm. Ringil\u00f5ikur sobib ideaalselt k\u00f5igiks teie pabermeisterdamisprojektideks, n\u00e4iteks lastega meisterdamiseks, v\u00e4rviliste paberlillede valmistamiseks ja muuks. T\u00e4nu kaasasolevale isekleepuvale l\u00f5ikematile on v\u00f5imalik ringe l\u00f5igata ka v\u00e4iksematest paberit\u00fckkidest. Selleks asetage paberileht l\u00f5ikematile ja vajutage seda kergelt, et see kleepuks. Seej\u00e4rel p\u00fcsib paber kindlalt paigal. Ringil\u00f5ikur sobib kuni<\/p>","protected":false},"featured_media":20660,"template":"","meta":[],"product_brand":[],"product_cat":[635],"product_tag":[],"class_list":{"0":"post-20661","1":"product","2":"type-product","3":"status-publish","4":"has-post-thumbnail","6":"product_cat-tarvikud-tellimisega","8":"first","9":"onbackorder","10":"taxable","11":"shipping-taxable","12":"purchasable","13":"product-type-simple","14":"prodpage-classic"},"_links":{"self":[{"href":"https:\/\/summerdesign.ee\/en\/wp-json\/wp\/v2\/product\/20661","targetHints":{"allow":["GET"]}}],"collection":[{"href":"https:\/\/summerdesign.ee\/en\/wp-json\/wp\/v2\/product"}],"about":[{"href":"https:\/\/summerdesign.ee\/en\/wp-json\/wp\/v2\/types\/product"}],"wp:featuredmedia":[{"embeddable":true,"href":"https:\/\/summerdesign.ee\/en\/wp-json\/wp\/v2\/media\/20660"}],"wp:attachment":[{"href":"https:\/\/summerdesign.ee\/en\/wp-json\/wp\/v2\/media?parent=20661"}],"wp:term":[{"taxonomy":"product_brand","embeddable":true,"href":"https:\/\/summerdesign.ee\/en\/wp-json\/wp\/v2\/product_brand?post=20661"},{"taxonomy":"product_cat","embeddable":true,"href":"https:\/\/summerdesign.ee\/en\/wp-json\/wp\/v2\/product_cat?post=20661"},{"taxonomy":"product_tag","embeddable":true,"href":"https:\/\/summerdesign.ee\/en\/wp-json\/wp\/v2\/product_tag?post=20661"}],"curies":[{"name":"wp","href":"https:\/\/api.w.org\/{rel}","templated":true}]}}