{"id":20659,"date":"2025-09-18T20:29:22","date_gmt":"2025-09-18T17:29:22","guid":{"rendered":"https:\/\/summerdesign.ee\/pood\/maaratlemata\/nurgaumardaja-3-in-1-roosa\/"},"modified":"2025-10-21T20:23:50","modified_gmt":"2025-10-21T17:23:50","slug":"nurgaumardaja-3-in-1-roosa","status":"publish","type":"product","link":"https:\/\/summerdesign.ee\/en\/pood\/tarvikud\/toovahendid\/nurgaumardaja-3-in-1-roosa\/","title":{"rendered":"Nurga\u00fcmardaja 3-in-1 &#8211; roosa"},"content":{"rendered":"<p>3-\u00fches nurgaaugusti v\u00f5i nurga\u00fcmardajaga annate oma paberi nurkadele ilusa viimistluse. Kasutage augustit visiitkaartide, kutsete, fotode, kaartide, k\u00fclalisteraamatu lehtede ja muude paberist meisterdamisprojektide nurkade \u00fcmardamiseks v\u00f5i kujundamiseks.<br \/>\nNurga\u00fcmardajat on v\u00e4ga lihtne kasutada ja see \u00fcmardab t\u00e4pselt teravad nurgad \u00fcmaraks. L\u00fckake paberi ots augustisse, kuni see puudutab servi, ja vajutage nuppu alla. P\u00e4rast seda on teil ilus \u00fcmar nurk.<br \/>\nNurga\u00fcmradaja sobib paberile, mis kaalub 90\u2013250 g\/m\u00b2.&nbsp;<br \/>\nNipp! Augustage aeg-ajalt l\u00e4bi fooliumi, et augusti terav p\u00fcsiks.<br \/>\nPange t\u00e4hele! Selle augusti \u00f5igeks kasutamiseks on oluline hoida augustit kasutamise ajal t\u00f6\u00f6pinnal. Samuti veenduge, et nurk, mida soovite augustada, oleks t\u00e4pselt 90-kraadise nurga all.<\/p>","protected":false},"excerpt":{"rendered":"<p>3-\u00fches nurgaaugusti v\u00f5i nurga\u00fcmardajaga annate oma paberi nurkadele ilusa viimistluse. Kasutage augustit visiitkaartide, kutsete, fotode, kaartide, k\u00fclalisteraamatu lehtede ja muude paberist meisterdamisprojektide nurkade \u00fcmardamiseks v\u00f5i kujundamiseks. Nurga\u00fcmardajat on v\u00e4ga lihtne kasutada ja see \u00fcmardab t\u00e4pselt teravad nurgad \u00fcmaraks. L\u00fckake paberi ots augustisse, kuni see puudutab servi, ja vajutage nuppu alla. P\u00e4rast seda on teil ilus<\/p>","protected":false},"featured_media":20658,"template":"","meta":[],"product_brand":[],"product_cat":[287],"product_tag":[],"class_list":{"0":"post-20659","1":"product","2":"type-product","3":"status-publish","4":"has-post-thumbnail","6":"product_cat-toovahendid","8":"first","9":"outofstock","10":"taxable","11":"shipping-taxable","12":"purchasable","13":"product-type-simple","14":"prodpage-classic"},"_links":{"self":[{"href":"https:\/\/summerdesign.ee\/en\/wp-json\/wp\/v2\/product\/20659","targetHints":{"allow":["GET"]}}],"collection":[{"href":"https:\/\/summerdesign.ee\/en\/wp-json\/wp\/v2\/product"}],"about":[{"href":"https:\/\/summerdesign.ee\/en\/wp-json\/wp\/v2\/types\/product"}],"wp:featuredmedia":[{"embeddable":true,"href":"https:\/\/summerdesign.ee\/en\/wp-json\/wp\/v2\/media\/20658"}],"wp:attachment":[{"href":"https:\/\/summerdesign.ee\/en\/wp-json\/wp\/v2\/media?parent=20659"}],"wp:term":[{"taxonomy":"product_brand","embeddable":true,"href":"https:\/\/summerdesign.ee\/en\/wp-json\/wp\/v2\/product_brand?post=20659"},{"taxonomy":"product_cat","embeddable":true,"href":"https:\/\/summerdesign.ee\/en\/wp-json\/wp\/v2\/product_cat?post=20659"},{"taxonomy":"product_tag","embeddable":true,"href":"https:\/\/summerdesign.ee\/en\/wp-json\/wp\/v2\/product_tag?post=20659"}],"curies":[{"name":"wp","href":"https:\/\/api.w.org\/{rel}","templated":true}]}}