{"id":20625,"date":"2025-09-13T09:15:00","date_gmt":"2025-09-13T06:15:00","guid":{"rendered":"https:\/\/summerdesign.ee\/pood\/maaratlemata\/votmehoidja-umar-3-tk-oyster\/"},"modified":"2025-10-23T13:50:41","modified_gmt":"2025-10-23T10:50:41","slug":"votmehoidja-umar-3-tk-oyster","status":"publish","type":"product","link":"https:\/\/summerdesign.ee\/en\/pood\/ettetellimine\/votmehoidjad-tellimisega\/votmehoidja-umar-3-tk-oyster\/","title":{"rendered":"V\u00f5tmehoidja \u00fcmar 3 tk &#8211; kreem"},"content":{"rendered":"<p><span style=\", Helvetica, sans-serif\">Saffiano peeneteraline kunstnahast v\u00f5tmehoidja, millele saab lisada triigitavate materjalidega soovitud kaunistusi v\u00f5i personaliseerida nime v\u00f5i nimet\u00e4htedega.<\/span><\/p>","protected":false},"excerpt":{"rendered":"<p>Materjal: Saffiano peeneteraline kunstnahk<br \/>\nM\u00f5\u00f5t: \u00d8 7 cm<\/p>","protected":false},"featured_media":20623,"template":"","meta":[],"product_brand":[],"product_cat":[622],"product_tag":[],"class_list":{"0":"post-20625","1":"product","2":"type-product","3":"status-publish","4":"has-post-thumbnail","6":"product_cat-votmehoidjad-tellimisega","8":"first","9":"onbackorder","10":"taxable","11":"shipping-taxable","12":"purchasable","13":"product-type-simple","14":"prodpage-classic"},"_links":{"self":[{"href":"https:\/\/summerdesign.ee\/en\/wp-json\/wp\/v2\/product\/20625","targetHints":{"allow":["GET"]}}],"collection":[{"href":"https:\/\/summerdesign.ee\/en\/wp-json\/wp\/v2\/product"}],"about":[{"href":"https:\/\/summerdesign.ee\/en\/wp-json\/wp\/v2\/types\/product"}],"wp:featuredmedia":[{"embeddable":true,"href":"https:\/\/summerdesign.ee\/en\/wp-json\/wp\/v2\/media\/20623"}],"wp:attachment":[{"href":"https:\/\/summerdesign.ee\/en\/wp-json\/wp\/v2\/media?parent=20625"}],"wp:term":[{"taxonomy":"product_brand","embeddable":true,"href":"https:\/\/summerdesign.ee\/en\/wp-json\/wp\/v2\/product_brand?post=20625"},{"taxonomy":"product_cat","embeddable":true,"href":"https:\/\/summerdesign.ee\/en\/wp-json\/wp\/v2\/product_cat?post=20625"},{"taxonomy":"product_tag","embeddable":true,"href":"https:\/\/summerdesign.ee\/en\/wp-json\/wp\/v2\/product_tag?post=20625"}],"curies":[{"name":"wp","href":"https:\/\/api.w.org\/{rel}","templated":true}]}}