{"id":20514,"date":"2025-08-23T14:06:22","date_gmt":"2025-08-23T11:06:22","guid":{"rendered":"https:\/\/summerdesign.ee\/pood\/maaratlemata\/kangast-ja-lukuga-aksessuaaride-kott-vintage-pink\/"},"modified":"2026-03-22T13:53:11","modified_gmt":"2026-03-22T10:53:11","slug":"kangast-ja-lukuga-aksessuaaride-kott-vintage-pink","status":"publish","type":"product","link":"https:\/\/summerdesign.ee\/en\/pood\/soodus\/kangast-ja-lukuga-aksessuaaride-kott-vintage-pink\/","title":{"rendered":"Kangast ja lukuga aksessuaaride kott &#8211; vintage pink"},"content":{"rendered":"<p>Mitmeotstarbeline lukuga aksessuaaride kotil on pestud efektiga viimistlus<br \/>\nKotil on ovaalne alusp\u00f5hi.<br \/>\nNB! R\u00f5iva v\u00e4rvimisprotsessi t\u00f5ttu on iga v\u00e4rv ainulaadne ja v\u00f5ib varieeruda.<\/p>","protected":false},"excerpt":{"rendered":"<p>M\u00f5\u00f5dud: 21 x 18 x 9 cm<br \/>\nMaterjal: 100 % puuvill 340 g\/m\u00b2<\/p>\n<p>NB! Reaalne toon on heledam\/mahedam kui tootja poolsel pildil!<\/p>","protected":false},"featured_media":20513,"template":"","meta":[],"product_brand":[],"product_cat":[311],"product_tag":[],"class_list":{"0":"post-20514","1":"product","2":"type-product","3":"status-publish","4":"has-post-thumbnail","6":"product_cat-soodus","8":"first","9":"instock","10":"sale","11":"taxable","12":"shipping-taxable","13":"purchasable","14":"product-type-simple","15":"prodpage-classic"},"_links":{"self":[{"href":"https:\/\/summerdesign.ee\/en\/wp-json\/wp\/v2\/product\/20514","targetHints":{"allow":["GET"]}}],"collection":[{"href":"https:\/\/summerdesign.ee\/en\/wp-json\/wp\/v2\/product"}],"about":[{"href":"https:\/\/summerdesign.ee\/en\/wp-json\/wp\/v2\/types\/product"}],"wp:featuredmedia":[{"embeddable":true,"href":"https:\/\/summerdesign.ee\/en\/wp-json\/wp\/v2\/media\/20513"}],"wp:attachment":[{"href":"https:\/\/summerdesign.ee\/en\/wp-json\/wp\/v2\/media?parent=20514"}],"wp:term":[{"taxonomy":"product_brand","embeddable":true,"href":"https:\/\/summerdesign.ee\/en\/wp-json\/wp\/v2\/product_brand?post=20514"},{"taxonomy":"product_cat","embeddable":true,"href":"https:\/\/summerdesign.ee\/en\/wp-json\/wp\/v2\/product_cat?post=20514"},{"taxonomy":"product_tag","embeddable":true,"href":"https:\/\/summerdesign.ee\/en\/wp-json\/wp\/v2\/product_tag?post=20514"}],"curies":[{"name":"wp","href":"https:\/\/api.w.org\/{rel}","templated":true}]}}