{"id":20444,"date":"2025-07-26T14:17:49","date_gmt":"2025-07-26T11:17:49","guid":{"rendered":"https:\/\/summerdesign.ee\/pood\/maaratlemata\/loklik-impress-auto-2-smart-daisy-white\/"},"modified":"2025-10-22T16:06:03","modified_gmt":"2025-10-22T13:06:03","slug":"loklik-impress-auto-2-smart-daisy-white","status":"publish","type":"product","link":"https:\/\/summerdesign.ee\/en\/pood\/ettetellimine\/loklik-tooted-tellimisega\/loklik-impress-auto-2-smart-daisy-white\/","title":{"rendered":"LOKLiK ImPress Auto 2-Smart Daisy White"},"content":{"rendered":"<p>Astu termopresside tulevikku LOKLiK ImPress Auto 2-Smartiga \u2013 see on disaineritele, v\u00e4ikeettev\u00f5tetele ja isetegijaile m\u00f5eldud \u00fclim lahendus. See automaatne termopress on loodud lihtsust ja t\u00e4psust silmas pidades, \u00fchendades endas uuenduslikke funktsioone, nagu automaatne r\u00f5hu reguleerimine ja v\u00e4ljat\u00f5mmatav sahtel sujuva ja kiire triikimiskogemuse tagamiseks. Olenemata sellest, kas lood isikup\u00e4rastatud r\u00f5ivaid, reklaamtooteid v\u00f5i ainulaadseid aksessuaare, garanteerib LOKLiK ImPress\u2122 Auto 2-Smart professionaalsed tulemused vaid nupuvajutusega. Muuda iga projekt meistriteoseks selle nutika, t\u00f5husa ja kasutajas\u00f5braliku termopressiga!<br \/>\nIdeaalne projektide jaoks, kus kasutatakse soojus\u00fclekandevin\u00fc\u00fcli (HTV), \u00fclekandepaberit, sublimatsioonipaberit v\u00f5i DTF-printimist.<br \/>\nSuurem surve paremate \u00fclekandetulemuste saavutamiseks t\u00e4nu suuremale survevahemikule 20\u201380 kg.<br \/>\nLoodud automaatselt \u00fchtlase surve rakendamiseks kuni 4,5 cm paksustele esemetele.<br \/>\n38 x 38 cm kuumutusplaadi ja suure v\u00e4ljat\u00f5mmatava alusega on teil palju ruumi sellistele esemetele nagu T-s\u00e4rgid, kandekotid ja padjap\u00fc\u00fcrid.<\/p>","protected":false},"excerpt":{"rendered":"<p>Toode on ettetellimisega ja ooteaeg 7-10 t\u00f6\u00f6p\u00e4eva!<\/p>","protected":false},"featured_media":20442,"template":"","meta":[],"product_brand":[],"product_cat":[634],"product_tag":[],"class_list":{"0":"post-20444","1":"product","2":"type-product","3":"status-publish","4":"has-post-thumbnail","6":"product_cat-loklik-tooted-tellimisega","8":"first","9":"onbackorder","10":"taxable","11":"shipping-taxable","12":"purchasable","13":"product-type-simple","14":"prodpage-classic"},"_links":{"self":[{"href":"https:\/\/summerdesign.ee\/en\/wp-json\/wp\/v2\/product\/20444","targetHints":{"allow":["GET"]}}],"collection":[{"href":"https:\/\/summerdesign.ee\/en\/wp-json\/wp\/v2\/product"}],"about":[{"href":"https:\/\/summerdesign.ee\/en\/wp-json\/wp\/v2\/types\/product"}],"wp:featuredmedia":[{"embeddable":true,"href":"https:\/\/summerdesign.ee\/en\/wp-json\/wp\/v2\/media\/20442"}],"wp:attachment":[{"href":"https:\/\/summerdesign.ee\/en\/wp-json\/wp\/v2\/media?parent=20444"}],"wp:term":[{"taxonomy":"product_brand","embeddable":true,"href":"https:\/\/summerdesign.ee\/en\/wp-json\/wp\/v2\/product_brand?post=20444"},{"taxonomy":"product_cat","embeddable":true,"href":"https:\/\/summerdesign.ee\/en\/wp-json\/wp\/v2\/product_cat?post=20444"},{"taxonomy":"product_tag","embeddable":true,"href":"https:\/\/summerdesign.ee\/en\/wp-json\/wp\/v2\/product_tag?post=20444"}],"curies":[{"name":"wp","href":"https:\/\/api.w.org\/{rel}","templated":true}]}}