{"id":20428,"date":"2025-07-26T13:33:16","date_gmt":"2025-07-26T10:33:16","guid":{"rendered":"https:\/\/summerdesign.ee\/pood\/maaratlemata\/loklik-kuumpress-masina-vahetus-matt-381-x-381-cm\/"},"modified":"2025-10-22T16:06:03","modified_gmt":"2025-10-22T13:06:03","slug":"loklik-kuumpress-masina-vahetus-matt-381-x-381-cm","status":"publish","type":"product","link":"https:\/\/summerdesign.ee\/en\/pood\/ettetellimine\/loklik-tooted-tellimisega\/loklik-kuumpress-masina-vahetus-matt-381-x-381-cm\/","title":{"rendered":"LOKLiK kuumpress masina vahetus matt 38,1 x 38,1 cm"},"content":{"rendered":"<p>LOKLiK kuumpressi matt (38,1 x 38,1 cm) automaatse kuumpressi ja LOKLiK ImPress Auto 2-Smart jaoks on ideaalne t\u00f6\u00f6riist laitmatuks soojus\u00fclekandeks teie k\u00e4sit\u00f6\u00f6projektides. See kvaliteetne kuumakindel matt on valmistatud leegiaeglustavast materjalist (kuni 220 \u00b0C) ja pakub siledat, pehmendatud pinda, mis tagab \u00fchtlase soojuse jaotumise, mist\u00f5ttu sobib see ideaalselt t\u00f6\u00f6tamiseks soojus\u00fclekandevin\u00fc\u00fcliga, sublimatsiooniks ja muudeks kuumusp\u00f5histeks rakendusteks.<br \/>\nMatil on rihmad, mis kinnituvad kindlalt automaatse kuumpressi sahtli k\u00fclge, hoides seda kasutamise ajal kindlalt paigal. Saate seda kasutada ka ImPress Mini 3, Mini kuumpressi ja Easy kuumpressiga, kui vajate suuremat pressimispinda kui tavaline kuumpressi matt.<br \/>\nSelle ainulaadne disain peegeldab soojust \u00fclespoole, hoiab seda h\u00e4sti ja suunab niiskuse eemale, et v\u00e4ltida \u00f5rnade materjalide k\u00f5rbemist v\u00f5i deformeerumist. Matt on kerge (ainult 100 grammi), vastupidav ja h\u00f5lpsasti hoiustatav, pakkudes isolatsiooni ja usaldusv\u00e4\u00e4rset kaitset teie t\u00f6\u00f6pinnale. Olenemata sellest, kas kujundate riideid, aksessuaare v\u00f5i kodukaunistusi, garanteerib see kasutajas\u00f5bralik matt iga kord professionaalse tulemuse ja kaitseb teie pindu kuumakahjustuste eest.<br \/>\nM\u00e4rkus. Selle kuumpressi mati kasutamisel veenduge, et saate lugeda LOKLiK logo silti. V\u00f5imalusel veenduge, et pressimiseks m\u00f5eldud \u00f5ige k\u00fclg oleks \u00fclespoole.<br \/>\nPlekkide eemaldamiseks v\u00f5ite kuumpressi mati puhastada niiske lapiga ja seej\u00e4rel lasta sellel \u00f5hu k\u00e4es kuivada. V\u00e4ltige pesemist vees v\u00f5i pesumasinas, kuna see v\u00f5ib p\u00f5hjustada deformatsiooni ja m\u00f5jutada mati efektiivsust kuumpressimise ajal.<\/p>","protected":false},"excerpt":{"rendered":"<p>Toode on ettetellimisega ja ooteaeg 10-14 t\u00f6\u00f6p\u00e4eva!<br \/>\nM\u00f5\u00f5dud: 38,1 x 38,1 cm <\/p>","protected":false},"featured_media":20427,"template":"","meta":[],"product_brand":[],"product_cat":[634],"product_tag":[],"class_list":{"0":"post-20428","1":"product","2":"type-product","3":"status-publish","4":"has-post-thumbnail","6":"product_cat-loklik-tooted-tellimisega","8":"first","9":"onbackorder","10":"taxable","11":"shipping-taxable","12":"purchasable","13":"product-type-simple","14":"prodpage-classic"},"_links":{"self":[{"href":"https:\/\/summerdesign.ee\/en\/wp-json\/wp\/v2\/product\/20428","targetHints":{"allow":["GET"]}}],"collection":[{"href":"https:\/\/summerdesign.ee\/en\/wp-json\/wp\/v2\/product"}],"about":[{"href":"https:\/\/summerdesign.ee\/en\/wp-json\/wp\/v2\/types\/product"}],"wp:featuredmedia":[{"embeddable":true,"href":"https:\/\/summerdesign.ee\/en\/wp-json\/wp\/v2\/media\/20427"}],"wp:attachment":[{"href":"https:\/\/summerdesign.ee\/en\/wp-json\/wp\/v2\/media?parent=20428"}],"wp:term":[{"taxonomy":"product_brand","embeddable":true,"href":"https:\/\/summerdesign.ee\/en\/wp-json\/wp\/v2\/product_brand?post=20428"},{"taxonomy":"product_cat","embeddable":true,"href":"https:\/\/summerdesign.ee\/en\/wp-json\/wp\/v2\/product_cat?post=20428"},{"taxonomy":"product_tag","embeddable":true,"href":"https:\/\/summerdesign.ee\/en\/wp-json\/wp\/v2\/product_tag?post=20428"}],"curies":[{"name":"wp","href":"https:\/\/api.w.org\/{rel}","templated":true}]}}