{"id":20422,"date":"2025-07-25T19:16:59","date_gmt":"2025-07-25T16:16:59","guid":{"rendered":"https:\/\/summerdesign.ee\/pood\/maaratlemata\/loklik-easy-kuumpress-roosa\/"},"modified":"2025-10-22T16:06:04","modified_gmt":"2025-10-22T13:06:04","slug":"loklik-easy-kuumpress-roosa","status":"publish","type":"product","link":"https:\/\/summerdesign.ee\/en\/pood\/ettetellimine\/loklik-tooted-tellimisega\/loklik-easy-kuumpress-roosa\/","title":{"rendered":"LOKLiK Easy kuumpress &#8211; roosa"},"content":{"rendered":"<p>LOKLiK Easy Heat Pressil on kahe hoovaga disain, mida t\u00e4iendab integreeritud digitaalne printimiss\u00fcsteem, mis kuvab ekraanil reaalajas andmeid. See mitmek\u00fclgne kuumpress \u00fchildub erinevate materjalidega, n\u00e4iteks flexfooliumiga (HTV), sublimatsioonipaberiga ja mitmesuguste soojus\u00fclekande projektidega.<br \/>\n25,5 x 25,5 cm keraamilise kattega kuumutusplaat tagab \u00fchtlase ja kiire soojusjaotuse kuni 210 \u00b0C-ni. Temperatuurikindlast materjalist valmistatud p\u00f5hjaplaat suurendab vastupidavust ja j\u00f5udlust, andes teile iga kord \u00fchtlase tulemuse.<br \/>\nPressi saab kasutada ka majapidamistriikrauana ning sellel on sisseehitatud automaatne v\u00e4ljal\u00fclitusfunktsioon t\u00e4iendava ohutuse ja mugavuse tagamiseks.<\/p>","protected":false},"excerpt":{"rendered":"<p>Toode on ettetellimisega ja ooteaeg on 7-10 t\u00f6\u00f6p\u00e4eva!<\/p>","protected":false},"featured_media":20421,"template":"","meta":[],"product_brand":[],"product_cat":[634],"product_tag":[],"class_list":{"0":"post-20422","1":"product","2":"type-product","3":"status-publish","4":"has-post-thumbnail","6":"product_cat-loklik-tooted-tellimisega","8":"first","9":"onbackorder","10":"taxable","11":"shipping-taxable","12":"purchasable","13":"product-type-simple","14":"prodpage-classic"},"_links":{"self":[{"href":"https:\/\/summerdesign.ee\/en\/wp-json\/wp\/v2\/product\/20422","targetHints":{"allow":["GET"]}}],"collection":[{"href":"https:\/\/summerdesign.ee\/en\/wp-json\/wp\/v2\/product"}],"about":[{"href":"https:\/\/summerdesign.ee\/en\/wp-json\/wp\/v2\/types\/product"}],"wp:featuredmedia":[{"embeddable":true,"href":"https:\/\/summerdesign.ee\/en\/wp-json\/wp\/v2\/media\/20421"}],"wp:attachment":[{"href":"https:\/\/summerdesign.ee\/en\/wp-json\/wp\/v2\/media?parent=20422"}],"wp:term":[{"taxonomy":"product_brand","embeddable":true,"href":"https:\/\/summerdesign.ee\/en\/wp-json\/wp\/v2\/product_brand?post=20422"},{"taxonomy":"product_cat","embeddable":true,"href":"https:\/\/summerdesign.ee\/en\/wp-json\/wp\/v2\/product_cat?post=20422"},{"taxonomy":"product_tag","embeddable":true,"href":"https:\/\/summerdesign.ee\/en\/wp-json\/wp\/v2\/product_tag?post=20422"}],"curies":[{"name":"wp","href":"https:\/\/api.w.org\/{rel}","templated":true}]}}