{"id":20411,"date":"2025-07-25T19:01:58","date_gmt":"2025-07-25T16:01:58","guid":{"rendered":"https:\/\/summerdesign.ee\/pood\/maaratlemata\/loklik-mini-kuumpress-roosa\/"},"modified":"2025-10-22T16:06:04","modified_gmt":"2025-10-22T13:06:04","slug":"loklik-mini-kuumpress-roosa","status":"publish","type":"product","link":"https:\/\/summerdesign.ee\/en\/pood\/ettetellimine\/loklik-tooted-tellimisega\/loklik-mini-kuumpress-roosa\/","title":{"rendered":"LOKLiK Mini kuumpress &#8211; roosa"},"content":{"rendered":"<p>LOKLiK Mini kuumpress on v\u00e4ike ja kaasaskantav kuumpress, mis sobib h\u00e4sti flex-fooliumi (HTV), sublimatsioonipaberi, soojus\u00fclekande projektide ja muu jaoks.<br \/>\nSee v\u00e4ike \u00fclekandepress sobib ideaalselt v\u00e4ikeste projektide v\u00f5i raskesti ligip\u00e4\u00e4setavate kohtade ja ainulaadse kujuga esemete jaoks.<br \/>\nSeda saab kasutada ka reisitriikrauana t\u00e4nu kolmele erinevale sisseehitatud kuumutusre\u017eiimile ja isoleeritud turvahoidikule.<br \/>\n&nbsp;<\/p>","protected":false},"excerpt":{"rendered":"<p>Toode on ettetellimisega ja ooteaeg on 10-14 t\u00f6\u00f6p\u00e4eva!<\/p>","protected":false},"featured_media":20408,"template":"","meta":[],"product_brand":[],"product_cat":[634],"product_tag":[],"class_list":{"0":"post-20411","1":"product","2":"type-product","3":"status-publish","4":"has-post-thumbnail","6":"product_cat-loklik-tooted-tellimisega","8":"first","9":"onbackorder","10":"taxable","11":"shipping-taxable","12":"purchasable","13":"product-type-simple","14":"prodpage-classic"},"_links":{"self":[{"href":"https:\/\/summerdesign.ee\/en\/wp-json\/wp\/v2\/product\/20411","targetHints":{"allow":["GET"]}}],"collection":[{"href":"https:\/\/summerdesign.ee\/en\/wp-json\/wp\/v2\/product"}],"about":[{"href":"https:\/\/summerdesign.ee\/en\/wp-json\/wp\/v2\/types\/product"}],"wp:featuredmedia":[{"embeddable":true,"href":"https:\/\/summerdesign.ee\/en\/wp-json\/wp\/v2\/media\/20408"}],"wp:attachment":[{"href":"https:\/\/summerdesign.ee\/en\/wp-json\/wp\/v2\/media?parent=20411"}],"wp:term":[{"taxonomy":"product_brand","embeddable":true,"href":"https:\/\/summerdesign.ee\/en\/wp-json\/wp\/v2\/product_brand?post=20411"},{"taxonomy":"product_cat","embeddable":true,"href":"https:\/\/summerdesign.ee\/en\/wp-json\/wp\/v2\/product_cat?post=20411"},{"taxonomy":"product_tag","embeddable":true,"href":"https:\/\/summerdesign.ee\/en\/wp-json\/wp\/v2\/product_tag?post=20411"}],"curies":[{"name":"wp","href":"https:\/\/api.w.org\/{rel}","templated":true}]}}