{"id":20407,"date":"2025-07-24T20:17:43","date_gmt":"2025-07-24T17:17:43","guid":{"rendered":"https:\/\/summerdesign.ee\/pood\/maaratlemata\/loklik-impress-mutsipress\/"},"modified":"2025-10-22T16:06:04","modified_gmt":"2025-10-22T13:06:04","slug":"loklik-impress-mutsipress","status":"publish","type":"product","link":"https:\/\/summerdesign.ee\/en\/pood\/ettetellimine\/loklik-tooted-tellimisega\/loklik-impress-mutsipress\/","title":{"rendered":"LOKLiK ImPress m\u00fctsipress"},"content":{"rendered":"<p>LOKLiK ImPress m\u00fctsipress on mitmek\u00fclgne lahendus personaalsete m\u00fctside ja nokam\u00fctside vaevata valmistamiseks. Oma intuitiivsete funktsioonide ja multifunktsionaalse disainiga pakub see mugavust ja t\u00f5husust k\u00f5igi teie m\u00fctside ja nokam\u00fctside isikup\u00e4rastamisel.<br \/>\nM\u00fctsipressil on valatud alumiiniumist kuumutusplaat koos NTC-tehnoloogiaga, mis tagab kiire kuumenemise ja \u00fchtlase temperatuurijaotuse kuni 200 \u00b0C-ni, et saavutada j\u00e4rjepidevad tulemused.<\/p>","protected":false},"excerpt":{"rendered":"<p>Toode on ettetellimisega ja ooteaeg 7-10 t\u00f6\u00f6p\u00e4eva!<\/p>","protected":false},"featured_media":20404,"template":"","meta":[],"product_brand":[],"product_cat":[634],"product_tag":[],"class_list":{"0":"post-20407","1":"product","2":"type-product","3":"status-publish","4":"has-post-thumbnail","6":"product_cat-loklik-tooted-tellimisega","8":"first","9":"onbackorder","10":"taxable","11":"shipping-taxable","12":"purchasable","13":"product-type-simple","14":"prodpage-classic"},"_links":{"self":[{"href":"https:\/\/summerdesign.ee\/en\/wp-json\/wp\/v2\/product\/20407","targetHints":{"allow":["GET"]}}],"collection":[{"href":"https:\/\/summerdesign.ee\/en\/wp-json\/wp\/v2\/product"}],"about":[{"href":"https:\/\/summerdesign.ee\/en\/wp-json\/wp\/v2\/types\/product"}],"wp:featuredmedia":[{"embeddable":true,"href":"https:\/\/summerdesign.ee\/en\/wp-json\/wp\/v2\/media\/20404"}],"wp:attachment":[{"href":"https:\/\/summerdesign.ee\/en\/wp-json\/wp\/v2\/media?parent=20407"}],"wp:term":[{"taxonomy":"product_brand","embeddable":true,"href":"https:\/\/summerdesign.ee\/en\/wp-json\/wp\/v2\/product_brand?post=20407"},{"taxonomy":"product_cat","embeddable":true,"href":"https:\/\/summerdesign.ee\/en\/wp-json\/wp\/v2\/product_cat?post=20407"},{"taxonomy":"product_tag","embeddable":true,"href":"https:\/\/summerdesign.ee\/en\/wp-json\/wp\/v2\/product_tag?post=20407"}],"curies":[{"name":"wp","href":"https:\/\/api.w.org\/{rel}","templated":true}]}}