{"id":20402,"date":"2025-07-24T19:46:19","date_gmt":"2025-07-24T16:46:19","guid":{"rendered":"https:\/\/summerdesign.ee\/pood\/maaratlemata\/loklik-impress-mutsipressi-matt\/"},"modified":"2025-10-22T16:06:04","modified_gmt":"2025-10-22T13:06:04","slug":"loklik-impress-mutsipressi-matt","status":"publish","type":"product","link":"https:\/\/summerdesign.ee\/en\/pood\/ettetellimine\/loklik-tooted-tellimisega\/loklik-impress-mutsipressi-matt\/","title":{"rendered":"LOKLiK ImPress m\u00fctsipressi matt"},"content":{"rendered":"<p>LOKLiK ImPress m\u00fctsipressi matt on spetsiaalselt loodud ideaalseks soojus\u00fclekandeks m\u00fctsidel ja kumeratel pindadel. See matt on valmistatud 65% pol\u00fcestrist ja 35% puuvillast ning sellel on k\u00f5rge temperatuuriga vahust s\u00fcdamik. See matt annab vormitud, kuumakindla pinna, mis tagab \u00fchtlase soojusjaotuse ning soojus\u00fclekandevin\u00fc\u00fcli ja sublimatsiooni t\u00e4pse pealekandmise.<br \/>\nIdeaalne kasutamiseks koos LOKLiK ImPress m\u00fctsipressiga. Seda matti saab kasutada asendusena v\u00f5i lisamatina. T\u00e4nu vastupidavale disainile saab m\u00fctse v\u00f5i kaabu stabiilsel pinnal h\u00f5lpsalt reguleerida. See on oluline t\u00f6\u00f6riist professionaalsete tulemuste saavutamiseks oma k\u00e4sit\u00f6\u00f6projektides.<\/p>","protected":false},"excerpt":{"rendered":"<p>Toode on ettetellimisega ja ooteaeg 10-14 t\u00f6\u00f6p\u00e4eva!<\/p>","protected":false},"featured_media":20403,"template":"","meta":[],"product_brand":[],"product_cat":[634],"product_tag":[],"class_list":{"0":"post-20402","1":"product","2":"type-product","3":"status-publish","4":"has-post-thumbnail","6":"product_cat-loklik-tooted-tellimisega","8":"first","9":"onbackorder","10":"taxable","11":"shipping-taxable","12":"purchasable","13":"product-type-simple","14":"prodpage-classic"},"_links":{"self":[{"href":"https:\/\/summerdesign.ee\/en\/wp-json\/wp\/v2\/product\/20402","targetHints":{"allow":["GET"]}}],"collection":[{"href":"https:\/\/summerdesign.ee\/en\/wp-json\/wp\/v2\/product"}],"about":[{"href":"https:\/\/summerdesign.ee\/en\/wp-json\/wp\/v2\/types\/product"}],"wp:featuredmedia":[{"embeddable":true,"href":"https:\/\/summerdesign.ee\/en\/wp-json\/wp\/v2\/media\/20403"}],"wp:attachment":[{"href":"https:\/\/summerdesign.ee\/en\/wp-json\/wp\/v2\/media?parent=20402"}],"wp:term":[{"taxonomy":"product_brand","embeddable":true,"href":"https:\/\/summerdesign.ee\/en\/wp-json\/wp\/v2\/product_brand?post=20402"},{"taxonomy":"product_cat","embeddable":true,"href":"https:\/\/summerdesign.ee\/en\/wp-json\/wp\/v2\/product_cat?post=20402"},{"taxonomy":"product_tag","embeddable":true,"href":"https:\/\/summerdesign.ee\/en\/wp-json\/wp\/v2\/product_tag?post=20402"}],"curies":[{"name":"wp","href":"https:\/\/api.w.org\/{rel}","templated":true}]}}