{"id":20401,"date":"2025-07-24T19:31:48","date_gmt":"2025-07-24T16:31:48","guid":{"rendered":"https:\/\/summerdesign.ee\/pood\/maaratlemata\/loklik-tooriistade-komplekt\/"},"modified":"2025-10-22T16:06:04","modified_gmt":"2025-10-22T13:06:04","slug":"loklik-tooriistade-komplekt","status":"publish","type":"product","link":"https:\/\/summerdesign.ee\/en\/pood\/ettetellimine\/loklik-tooted-tellimisega\/loklik-tooriistade-komplekt\/","title":{"rendered":"LOKLiK t\u00f6\u00f6riistade komplekt"},"content":{"rendered":"<p>LOKLiK t\u00f6\u00f6riistade komplekt on iga harrastaja jaoks h\u00e4davajalik, sisaldades t\u00e4ielikku t\u00f6\u00f6riistakomplekti, mis on loodud teie \u00fclesannete lihtsustamiseks ja t\u00e4psemaks muutmiseks. Olenemata sellest, kas t\u00f6\u00f6tate triigitavate kleebiste v\u00f5i vin\u00fc\u00fclkleebistega, aitavad need t\u00f6\u00f6riistad teil liigset materjali t\u00e4pselt eemaldada, tagades teie kujunduste puhta ja professionaalse v\u00e4ljan\u00e4gemise.<br \/>\nSee komplekt sisaldab valikut ergonoomiliselt kujundatud t\u00f6\u00f6riistu mugavuse ja kontrolli tagamiseks, v\u00f5imaldades teil t\u00f6\u00f6tada isegi k\u00f5ige keerukamate detailidega ilma k\u00e4tt pingutamata. T\u00f6\u00f6riistad sobivad ideaalselt igas suuruses projektideks, alates v\u00e4ikestest kleebistest kuni suuremate seinavin\u00fc\u00fclideni.<\/p>\n<p>\n&nbsp;<\/p>","protected":false},"excerpt":{"rendered":"<p>Toode on ettetellimisega ja ooteaeg on 10-14 t\u00f6\u00f6p\u00e4eva!<\/p>","protected":false},"featured_media":20400,"template":"","meta":[],"product_brand":[],"product_cat":[634],"product_tag":[],"class_list":{"0":"post-20401","1":"product","2":"type-product","3":"status-publish","4":"has-post-thumbnail","6":"product_cat-loklik-tooted-tellimisega","8":"first","9":"onbackorder","10":"taxable","11":"shipping-taxable","12":"purchasable","13":"product-type-simple","14":"prodpage-classic"},"_links":{"self":[{"href":"https:\/\/summerdesign.ee\/en\/wp-json\/wp\/v2\/product\/20401","targetHints":{"allow":["GET"]}}],"collection":[{"href":"https:\/\/summerdesign.ee\/en\/wp-json\/wp\/v2\/product"}],"about":[{"href":"https:\/\/summerdesign.ee\/en\/wp-json\/wp\/v2\/types\/product"}],"wp:featuredmedia":[{"embeddable":true,"href":"https:\/\/summerdesign.ee\/en\/wp-json\/wp\/v2\/media\/20400"}],"wp:attachment":[{"href":"https:\/\/summerdesign.ee\/en\/wp-json\/wp\/v2\/media?parent=20401"}],"wp:term":[{"taxonomy":"product_brand","embeddable":true,"href":"https:\/\/summerdesign.ee\/en\/wp-json\/wp\/v2\/product_brand?post=20401"},{"taxonomy":"product_cat","embeddable":true,"href":"https:\/\/summerdesign.ee\/en\/wp-json\/wp\/v2\/product_cat?post=20401"},{"taxonomy":"product_tag","embeddable":true,"href":"https:\/\/summerdesign.ee\/en\/wp-json\/wp\/v2\/product_tag?post=20401"}],"curies":[{"name":"wp","href":"https:\/\/api.w.org\/{rel}","templated":true}]}}