{"id":20399,"date":"2025-07-24T19:31:40","date_gmt":"2025-07-24T16:31:40","guid":{"rendered":"https:\/\/summerdesign.ee\/pood\/maaratlemata\/loklik-kaabitsate-komplekt\/"},"modified":"2025-10-22T16:06:04","modified_gmt":"2025-10-22T13:06:04","slug":"loklik-kaabitsate-komplekt","status":"publish","type":"product","link":"https:\/\/summerdesign.ee\/en\/pood\/ettetellimine\/loklik-tooted-tellimisega\/loklik-kaabitsate-komplekt\/","title":{"rendered":"LOKLiK kaabitsate komplekt"},"content":{"rendered":"<p>See vin\u00fc\u00fclkaabitsa komplekt on loodud vin\u00fc\u00fcli sujuvaks ja h\u00f5lpsaks pealekandmiseks. Need kaabitsad eemaldavad \u00f5humullid ja kortsud, tagades professionaalse viimistluse k\u00f5igil teie projektidel. Ideaalne kasutamiseks vin\u00fc\u00fcli, siirdeteibi ja muude isekleepuvate materjalidega.<br \/>\n<strong>Kasutamine: <\/strong>Kandke vin\u00fc\u00fcl v\u00f5i siirdeteip peale ja seej\u00e4rel kasutage kaabitsat, et siluda mullid ja kortsud puhta ja professionaalse tulemuse saavutamiseks.<br \/>\n<strong>Komplekt sisaldab:<\/strong><br \/>\n1 x v\u00e4ike kaabits<br \/>\n1 x suur kaabits<\/p>","protected":false},"excerpt":{"rendered":"<p>Toode on ettetellimisega ja ooteaeg on 10-14 t\u00f6\u00f6p\u00e4eva!<\/p>","protected":false},"featured_media":20397,"template":"","meta":[],"product_brand":[],"product_cat":[634],"product_tag":[],"class_list":{"0":"post-20399","1":"product","2":"type-product","3":"status-publish","4":"has-post-thumbnail","6":"product_cat-loklik-tooted-tellimisega","8":"first","9":"onbackorder","10":"taxable","11":"shipping-taxable","12":"purchasable","13":"product-type-simple","14":"prodpage-classic"},"_links":{"self":[{"href":"https:\/\/summerdesign.ee\/en\/wp-json\/wp\/v2\/product\/20399","targetHints":{"allow":["GET"]}}],"collection":[{"href":"https:\/\/summerdesign.ee\/en\/wp-json\/wp\/v2\/product"}],"about":[{"href":"https:\/\/summerdesign.ee\/en\/wp-json\/wp\/v2\/types\/product"}],"wp:featuredmedia":[{"embeddable":true,"href":"https:\/\/summerdesign.ee\/en\/wp-json\/wp\/v2\/media\/20397"}],"wp:attachment":[{"href":"https:\/\/summerdesign.ee\/en\/wp-json\/wp\/v2\/media?parent=20399"}],"wp:term":[{"taxonomy":"product_brand","embeddable":true,"href":"https:\/\/summerdesign.ee\/en\/wp-json\/wp\/v2\/product_brand?post=20399"},{"taxonomy":"product_cat","embeddable":true,"href":"https:\/\/summerdesign.ee\/en\/wp-json\/wp\/v2\/product_cat?post=20399"},{"taxonomy":"product_tag","embeddable":true,"href":"https:\/\/summerdesign.ee\/en\/wp-json\/wp\/v2\/product_tag?post=20399"}],"curies":[{"name":"wp","href":"https:\/\/api.w.org\/{rel}","templated":true}]}}