{"id":20382,"date":"2025-07-24T18:01:47","date_gmt":"2025-07-24T15:01:47","guid":{"rendered":"https:\/\/summerdesign.ee\/pood\/maaratlemata\/loklik-teflonleht-40-x-50-cm-3-tk\/"},"modified":"2025-10-22T16:06:05","modified_gmt":"2025-10-22T13:06:05","slug":"loklik-teflonleht-40-x-50-cm-3-tk","status":"publish","type":"product","link":"https:\/\/summerdesign.ee\/en\/pood\/ettetellimine\/loklik-tooted-tellimisega\/loklik-teflonleht-40-x-50-cm-3-tk\/","title":{"rendered":"LOKLiK teflonleht 40 x 50 cm 3 tk"},"content":{"rendered":"<p>LOKLiK teflonlehed sobivad kasutamiseks kuumpress ja triikimisel. Kuumuskindlad lehed on kaetud nakkumisvastase kihiga, seega kaitsevad need ideaalselt kuumpressi samal ajal juhtides kuumust \u00fchtlaselt.<br \/>\nSobib kasutamiseks triigitavate kleebiste, sublimatsioontr\u00fcki v\u00f5i millegi muu kuumutatava materjaliga.<\/p>","protected":false},"excerpt":{"rendered":"<p>Toode on ettetellimisega ja ooteaeg on 10-14 t\u00f6\u00f6p\u00e4eva!<br \/>\nM\u00f5\u00f5dud: 40 x 50 cm<br \/>\nPakis: 3 tk<\/p>","protected":false},"featured_media":20379,"template":"","meta":[],"product_brand":[],"product_cat":[634],"product_tag":[],"class_list":{"0":"post-20382","1":"product","2":"type-product","3":"status-publish","4":"has-post-thumbnail","6":"product_cat-loklik-tooted-tellimisega","8":"first","9":"onbackorder","10":"taxable","11":"shipping-taxable","12":"purchasable","13":"product-type-simple","14":"prodpage-classic"},"_links":{"self":[{"href":"https:\/\/summerdesign.ee\/en\/wp-json\/wp\/v2\/product\/20382","targetHints":{"allow":["GET"]}}],"collection":[{"href":"https:\/\/summerdesign.ee\/en\/wp-json\/wp\/v2\/product"}],"about":[{"href":"https:\/\/summerdesign.ee\/en\/wp-json\/wp\/v2\/types\/product"}],"wp:featuredmedia":[{"embeddable":true,"href":"https:\/\/summerdesign.ee\/en\/wp-json\/wp\/v2\/media\/20379"}],"wp:attachment":[{"href":"https:\/\/summerdesign.ee\/en\/wp-json\/wp\/v2\/media?parent=20382"}],"wp:term":[{"taxonomy":"product_brand","embeddable":true,"href":"https:\/\/summerdesign.ee\/en\/wp-json\/wp\/v2\/product_brand?post=20382"},{"taxonomy":"product_cat","embeddable":true,"href":"https:\/\/summerdesign.ee\/en\/wp-json\/wp\/v2\/product_cat?post=20382"},{"taxonomy":"product_tag","embeddable":true,"href":"https:\/\/summerdesign.ee\/en\/wp-json\/wp\/v2\/product_tag?post=20382"}],"curies":[{"name":"wp","href":"https:\/\/api.w.org\/{rel}","templated":true}]}}