{"id":20378,"date":"2025-07-24T17:47:06","date_gmt":"2025-07-24T14:47:06","guid":{"rendered":"https:\/\/summerdesign.ee\/pood\/maaratlemata\/loklik-kuumpressi-matt-2921-x-2921-cm\/"},"modified":"2025-10-22T16:06:05","modified_gmt":"2025-10-22T13:06:05","slug":"loklik-kuumpressi-matt-2921-x-2921-cm","status":"publish","type":"product","link":"https:\/\/summerdesign.ee\/en\/pood\/ettetellimine\/loklik-tooted-tellimisega\/loklik-kuumpressi-matt-2921-x-2921-cm\/","title":{"rendered":"LOKLiK kuumpressi matt 29,21 x 29,21 cm"},"content":{"rendered":"<p>LOKLiK kuumpressi matt on ideaalne t\u00f6\u00f6riist laitmatuks soojus\u00fclekandeks k\u00f5igis teie projektides. See kvaliteetne kuumakindel matt on valmistatud leegiaeglustavast kangast (kuni 220 \u00b0C) ja pakub siledat, pehmet pinda, mis tagab \u00fchtlase soojuse jaotumise. Selle ainulaadne disain peegeldab soojust \u00fclespoole, hoiab seda h\u00e4sti ja juhib niiskust eemale, et v\u00e4ltida \u00f5rnade materjalide k\u00f5rbemist v\u00f5i deformeerumist. Kerge (ainult 100 grammi), vastupidav ja h\u00f5lpsasti hoiustatav matt pakub isolatsiooni ja usaldusv\u00e4\u00e4rset kaitset teie t\u00f6\u00f6pinnale. Olenemata sellest, kas t\u00f6\u00f6tate riiete, aksessuaaride v\u00f5i sisekujundusega, garanteerib see h\u00f5lpsasti kasutatav matt iga kord professionaalsed tulemused ja kaitseb teie pindu kuumakahjustuste eest.<br \/>\nKasutamine ja hooldus: Kasutamisel j\u00e4lgi, et LOKLiK-i logo on loetav, siis on matt \u00f5iget pidi kuumpressiga t\u00f6\u00f6tluseks. Puhastage matt niiske lapiga ja laske sel loomulikult kuivada. Deformatsiooni v\u00e4ltimiseks \u00e4rge peske vees ega pesumasinas.<\/p>","protected":false},"excerpt":{"rendered":"<p>Toode on ettetellimisega ja ooteaeg on 10-14 t\u00f6\u00f6p\u00e4eva!<br \/>\nM\u00f5\u00f5dud: 29,21 x 29,21 cm <\/p>","protected":false},"featured_media":20377,"template":"","meta":[],"product_brand":[],"product_cat":[634],"product_tag":[],"class_list":{"0":"post-20378","1":"product","2":"type-product","3":"status-publish","4":"has-post-thumbnail","6":"product_cat-loklik-tooted-tellimisega","8":"first","9":"onbackorder","10":"taxable","11":"shipping-taxable","12":"purchasable","13":"product-type-simple","14":"prodpage-classic"},"_links":{"self":[{"href":"https:\/\/summerdesign.ee\/en\/wp-json\/wp\/v2\/product\/20378","targetHints":{"allow":["GET"]}}],"collection":[{"href":"https:\/\/summerdesign.ee\/en\/wp-json\/wp\/v2\/product"}],"about":[{"href":"https:\/\/summerdesign.ee\/en\/wp-json\/wp\/v2\/types\/product"}],"wp:featuredmedia":[{"embeddable":true,"href":"https:\/\/summerdesign.ee\/en\/wp-json\/wp\/v2\/media\/20377"}],"wp:attachment":[{"href":"https:\/\/summerdesign.ee\/en\/wp-json\/wp\/v2\/media?parent=20378"}],"wp:term":[{"taxonomy":"product_brand","embeddable":true,"href":"https:\/\/summerdesign.ee\/en\/wp-json\/wp\/v2\/product_brand?post=20378"},{"taxonomy":"product_cat","embeddable":true,"href":"https:\/\/summerdesign.ee\/en\/wp-json\/wp\/v2\/product_cat?post=20378"},{"taxonomy":"product_tag","embeddable":true,"href":"https:\/\/summerdesign.ee\/en\/wp-json\/wp\/v2\/product_tag?post=20378"}],"curies":[{"name":"wp","href":"https:\/\/api.w.org\/{rel}","templated":true}]}}