{"id":20365,"date":"2025-07-17T15:43:54","date_gmt":"2025-07-17T12:43:54","guid":{"rendered":"https:\/\/summerdesign.ee\/pood\/maaratlemata\/plasku-kunstnahast-umbrisega-100-ml\/"},"modified":"2025-10-21T20:20:33","modified_gmt":"2025-10-21T17:20:33","slug":"plasku-kunstnahast-umbrisega-100-ml","status":"publish","type":"product","link":"https:\/\/summerdesign.ee\/en\/pood\/tarvikud\/toorikud\/plasku-kunstnahast-umbrisega-100-ml\/","title":{"rendered":"Pl\u00e4sku kunstnahast \u00fcmbrisega 100 ml"},"content":{"rendered":"<p>Pl\u00e4sku on v\u00e4ljast elegantse kunstnahast materjaliga \u00fcmbritsetud.&nbsp;<br \/>\nPl\u00e4sku on valmistatud roostevabast terasest.<br \/>\nPakendatud pruuni pappkarpi.<\/p>","protected":false},"excerpt":{"rendered":"<p>M\u00f5\u00f5dud: 7 x 2 x 9,5 cm<br \/>\nMaht: 100 ml<\/p>","protected":false},"featured_media":20362,"template":"","meta":[],"product_brand":[],"product_cat":[633],"product_tag":[],"class_list":{"0":"post-20365","1":"product","2":"type-product","3":"status-publish","4":"has-post-thumbnail","6":"product_cat-toorikud","8":"first","9":"instock","10":"taxable","11":"shipping-taxable","12":"purchasable","13":"product-type-simple","14":"prodpage-classic"},"_links":{"self":[{"href":"https:\/\/summerdesign.ee\/en\/wp-json\/wp\/v2\/product\/20365","targetHints":{"allow":["GET"]}}],"collection":[{"href":"https:\/\/summerdesign.ee\/en\/wp-json\/wp\/v2\/product"}],"about":[{"href":"https:\/\/summerdesign.ee\/en\/wp-json\/wp\/v2\/types\/product"}],"wp:featuredmedia":[{"embeddable":true,"href":"https:\/\/summerdesign.ee\/en\/wp-json\/wp\/v2\/media\/20362"}],"wp:attachment":[{"href":"https:\/\/summerdesign.ee\/en\/wp-json\/wp\/v2\/media?parent=20365"}],"wp:term":[{"taxonomy":"product_brand","embeddable":true,"href":"https:\/\/summerdesign.ee\/en\/wp-json\/wp\/v2\/product_brand?post=20365"},{"taxonomy":"product_cat","embeddable":true,"href":"https:\/\/summerdesign.ee\/en\/wp-json\/wp\/v2\/product_cat?post=20365"},{"taxonomy":"product_tag","embeddable":true,"href":"https:\/\/summerdesign.ee\/en\/wp-json\/wp\/v2\/product_tag?post=20365"}],"curies":[{"name":"wp","href":"https:\/\/api.w.org\/{rel}","templated":true}]}}