{"id":20352,"date":"2025-07-16T10:58:20","date_gmt":"2025-07-16T07:58:20","guid":{"rendered":"https:\/\/summerdesign.ee\/pood\/maaratlemata\/marbella-laia-aarega-paikesemuts\/"},"modified":"2025-10-21T20:22:27","modified_gmt":"2025-10-21T17:22:27","slug":"marbella-laia-aarega-paikesemuts","status":"publish","type":"product","link":"https:\/\/summerdesign.ee\/en\/pood\/tarvikud\/toorikud\/marbella-laia-aarega-paikesemuts\/","title":{"rendered":"Marbella laia \u00e4\u00e4rega p\u00e4ikesem\u00fcts"},"content":{"rendered":"<p>Kuplikujuline kroon<br \/>\nLaia \u00e4\u00e4rega disain<br \/>\nM\u00fctsipael liimitud (mitte eemaldatav)<\/p>","protected":false},"excerpt":{"rendered":"<p>M\u00f5\u00f5dud: One Size (57 cm)<\/p>","protected":false},"featured_media":20348,"template":"","meta":[],"product_brand":[],"product_cat":[633],"product_tag":[],"class_list":{"0":"post-20352","1":"product","2":"type-product","3":"status-publish","4":"has-post-thumbnail","6":"product_cat-toorikud","8":"first","9":"instock","10":"taxable","11":"shipping-taxable","12":"purchasable","13":"product-type-simple","14":"prodpage-classic"},"_links":{"self":[{"href":"https:\/\/summerdesign.ee\/en\/wp-json\/wp\/v2\/product\/20352","targetHints":{"allow":["GET"]}}],"collection":[{"href":"https:\/\/summerdesign.ee\/en\/wp-json\/wp\/v2\/product"}],"about":[{"href":"https:\/\/summerdesign.ee\/en\/wp-json\/wp\/v2\/types\/product"}],"wp:featuredmedia":[{"embeddable":true,"href":"https:\/\/summerdesign.ee\/en\/wp-json\/wp\/v2\/media\/20348"}],"wp:attachment":[{"href":"https:\/\/summerdesign.ee\/en\/wp-json\/wp\/v2\/media?parent=20352"}],"wp:term":[{"taxonomy":"product_brand","embeddable":true,"href":"https:\/\/summerdesign.ee\/en\/wp-json\/wp\/v2\/product_brand?post=20352"},{"taxonomy":"product_cat","embeddable":true,"href":"https:\/\/summerdesign.ee\/en\/wp-json\/wp\/v2\/product_cat?post=20352"},{"taxonomy":"product_tag","embeddable":true,"href":"https:\/\/summerdesign.ee\/en\/wp-json\/wp\/v2\/product_tag?post=20352"}],"curies":[{"name":"wp","href":"https:\/\/api.w.org\/{rel}","templated":true}]}}