{"id":20344,"date":"2025-07-15T23:46:32","date_gmt":"2025-07-15T20:46:32","guid":{"rendered":"https:\/\/summerdesign.ee\/pood\/maaratlemata\/pastapliiats-punane\/"},"modified":"2025-10-21T20:26:27","modified_gmt":"2025-10-21T17:26:27","slug":"pastapliiats-punane","status":"publish","type":"product","link":"https:\/\/summerdesign.ee\/en\/pood\/tarvikud\/joonistamise-ja-kirjutamise-vahendid\/pastapliiats-punane\/","title":{"rendered":"Pastapliiats &#8211; punane"},"content":{"rendered":"<p>Pastapliiats, v\u00e4rviline l\u00e4ikiva viimistlusega korpus, h\u00f5bedase v\u00e4rvi \u00e4\u00e4risdetailid, valmistatud alumiiniumist.<\/p>","protected":false},"excerpt":{"rendered":"<p>Tindi v\u00e4rvus: sinine<br \/>\nM\u00f5\u00f5dud: \u00d81 x 13,6 cm<\/p>","protected":false},"featured_media":20346,"template":"","meta":[],"product_brand":[],"product_cat":[628],"product_tag":[],"class_list":{"0":"post-20344","1":"product","2":"type-product","3":"status-publish","4":"has-post-thumbnail","6":"product_cat-joonistamise-ja-kirjutamise-vahendid","8":"first","9":"instock","10":"taxable","11":"shipping-taxable","12":"purchasable","13":"product-type-simple","14":"prodpage-classic"},"_links":{"self":[{"href":"https:\/\/summerdesign.ee\/en\/wp-json\/wp\/v2\/product\/20344","targetHints":{"allow":["GET"]}}],"collection":[{"href":"https:\/\/summerdesign.ee\/en\/wp-json\/wp\/v2\/product"}],"about":[{"href":"https:\/\/summerdesign.ee\/en\/wp-json\/wp\/v2\/types\/product"}],"wp:featuredmedia":[{"embeddable":true,"href":"https:\/\/summerdesign.ee\/en\/wp-json\/wp\/v2\/media\/20346"}],"wp:attachment":[{"href":"https:\/\/summerdesign.ee\/en\/wp-json\/wp\/v2\/media?parent=20344"}],"wp:term":[{"taxonomy":"product_brand","embeddable":true,"href":"https:\/\/summerdesign.ee\/en\/wp-json\/wp\/v2\/product_brand?post=20344"},{"taxonomy":"product_cat","embeddable":true,"href":"https:\/\/summerdesign.ee\/en\/wp-json\/wp\/v2\/product_cat?post=20344"},{"taxonomy":"product_tag","embeddable":true,"href":"https:\/\/summerdesign.ee\/en\/wp-json\/wp\/v2\/product_tag?post=20344"}],"curies":[{"name":"wp","href":"https:\/\/api.w.org\/{rel}","templated":true}]}}