{"id":20308,"date":"2025-07-12T18:35:55","date_gmt":"2025-07-12T15:35:55","guid":{"rendered":"https:\/\/summerdesign.ee\/pood\/maaratlemata\/triigitav-kleebis-shimmer-heleroheline\/"},"modified":"2025-10-21T20:37:03","modified_gmt":"2025-10-21T17:37:03","slug":"triigitav-kleebis-shimmer-heleroheline","status":"publish","type":"product","link":"https:\/\/summerdesign.ee\/en\/pood\/triigitav-kleebis\/glitter-ja-holo-pinnaga\/triigitav-kleebis-shimmer-heleroheline\/","title":{"rendered":"Triigitav kleebis shimmer &#8211; heleroheline"},"content":{"rendered":"<p>Paindlik ja vastupidav triigitav kleebis s\u00e4delevate osakestega.&nbsp;Sobib suurep\u00e4raselt kergete aktiivr\u00f5ivaste, kottide jne disainimiseks.<br \/>\nThe iron-on transfer sticker has two parts: the top part is cut and iron-on, and the bottom part is a transfer film that holds the iron-on transfer sticker in place.<br \/>\nTriigitava kleebise ja kanga \u00fchilduvus: 100% puuvill, 100% pol\u00fcester, puuvill ja pol\u00fcester segud.<br \/>\nKuumus: 150kraadi 10sekundit. Pealmine kile eemaldada kergelt jahtunult!<br \/>\nMasinpesu seestpoolt, kasutades pehmet pesuvahendit. \u00c4rge kasutage valgendit, kuivatit! \u00c4rge puhastage keemiliselt. See k\u00f5ik tagab pikaajalise vastupidavuse kujundusele.<\/p>","protected":false},"excerpt":{"rendered":"<p>Paindlik ja vastupidav triigitav kleebis s\u00e4delevate osakestega.&nbsp;Sobib suurep\u00e4raselt kergete aktiivr\u00f5ivaste, kottide jne disainimiseks. Triigitav kleebis on kaheosaline: pealmine osa on l\u00f5igatav ja triigitav ning alumine osa on \u00fclekandekile, mis hoiab triigitava kleebise \u00fclekandmise ajal paigal. Triigitava kleebise ja kanga \u00fchilduvus: 100% puuvill, 100% pol\u00fcester, puuvill ja pol\u00fcester segud. Kuumus: 150kraadi 10sekundit. Pealmine kile eemaldada kergelt<\/p>","protected":false},"featured_media":20307,"template":"","meta":[],"product_brand":[],"product_cat":[534],"product_tag":[],"class_list":{"0":"post-20308","1":"product","2":"type-product","3":"status-publish","4":"has-post-thumbnail","6":"product_cat-glitter-ja-holo-pinnaga","8":"first","9":"instock","10":"taxable","11":"shipping-taxable","12":"purchasable","13":"product-type-variable","14":"prodpage-classic"},"_links":{"self":[{"href":"https:\/\/summerdesign.ee\/en\/wp-json\/wp\/v2\/product\/20308","targetHints":{"allow":["GET"]}}],"collection":[{"href":"https:\/\/summerdesign.ee\/en\/wp-json\/wp\/v2\/product"}],"about":[{"href":"https:\/\/summerdesign.ee\/en\/wp-json\/wp\/v2\/types\/product"}],"wp:featuredmedia":[{"embeddable":true,"href":"https:\/\/summerdesign.ee\/en\/wp-json\/wp\/v2\/media\/20307"}],"wp:attachment":[{"href":"https:\/\/summerdesign.ee\/en\/wp-json\/wp\/v2\/media?parent=20308"}],"wp:term":[{"taxonomy":"product_brand","embeddable":true,"href":"https:\/\/summerdesign.ee\/en\/wp-json\/wp\/v2\/product_brand?post=20308"},{"taxonomy":"product_cat","embeddable":true,"href":"https:\/\/summerdesign.ee\/en\/wp-json\/wp\/v2\/product_cat?post=20308"},{"taxonomy":"product_tag","embeddable":true,"href":"https:\/\/summerdesign.ee\/en\/wp-json\/wp\/v2\/product_tag?post=20308"}],"curies":[{"name":"wp","href":"https:\/\/api.w.org\/{rel}","templated":true}]}}