{"id":20292,"date":"2025-07-08T20:06:49","date_gmt":"2025-07-08T17:06:49","guid":{"rendered":"https:\/\/summerdesign.ee\/pood\/maaratlemata\/valjaloike-lehed-8-tk-mahe-salvei-roheline\/"},"modified":"2025-10-21T20:22:28","modified_gmt":"2025-10-21T17:22:28","slug":"valjaloike-lehed-8-tk-mahe-salvei-roheline","status":"publish","type":"product","link":"https:\/\/summerdesign.ee\/en\/pood\/paber\/paber-valjaloiked\/valjaloike-lehed-8-tk-mahe-salvei-roheline\/","title":{"rendered":"V\u00e4ljal\u00f5ike lehed 8 tk &#8211; mahe salvei roheline"},"content":{"rendered":"<p>Paberist v\u00e4ljal\u00f5ikeid on ideaalne kasutada k\u00e4sit\u00f6\u00f6kaartide, albumite jne kaunistamisel!<br \/>\nSoovitus:&nbsp;Liimimiseks kasuta peenikese otsaga liimipudelit ja pintsette ning ka k\u00f5ige peenemad ja v\u00e4iksemad v\u00e4ljal\u00f5iked saavad ilusti paika.<\/p>","protected":false},"excerpt":{"rendered":"<p>M\u00f5\u00f5dud: 43 mm x 40 mm<br \/>\nPakis: 4 x 4 tk<\/p>","protected":false},"featured_media":20296,"template":"","meta":[],"product_brand":[],"product_cat":[280],"product_tag":[],"class_list":{"0":"post-20292","1":"product","2":"type-product","3":"status-publish","4":"has-post-thumbnail","6":"product_cat-paber-valjaloiked","8":"first","9":"outofstock","10":"taxable","11":"shipping-taxable","12":"purchasable","13":"product-type-simple","14":"prodpage-classic"},"_links":{"self":[{"href":"https:\/\/summerdesign.ee\/en\/wp-json\/wp\/v2\/product\/20292","targetHints":{"allow":["GET"]}}],"collection":[{"href":"https:\/\/summerdesign.ee\/en\/wp-json\/wp\/v2\/product"}],"about":[{"href":"https:\/\/summerdesign.ee\/en\/wp-json\/wp\/v2\/types\/product"}],"wp:featuredmedia":[{"embeddable":true,"href":"https:\/\/summerdesign.ee\/en\/wp-json\/wp\/v2\/media\/20296"}],"wp:attachment":[{"href":"https:\/\/summerdesign.ee\/en\/wp-json\/wp\/v2\/media?parent=20292"}],"wp:term":[{"taxonomy":"product_brand","embeddable":true,"href":"https:\/\/summerdesign.ee\/en\/wp-json\/wp\/v2\/product_brand?post=20292"},{"taxonomy":"product_cat","embeddable":true,"href":"https:\/\/summerdesign.ee\/en\/wp-json\/wp\/v2\/product_cat?post=20292"},{"taxonomy":"product_tag","embeddable":true,"href":"https:\/\/summerdesign.ee\/en\/wp-json\/wp\/v2\/product_tag?post=20292"}],"curies":[{"name":"wp","href":"https:\/\/api.w.org\/{rel}","templated":true}]}}