{"id":20275,"date":"2025-07-06T19:51:00","date_gmt":"2025-07-06T16:51:00","guid":{"rendered":"https:\/\/summerdesign.ee\/pood\/maaratlemata\/vildist-sulearvuti-dokumendikott-must\/"},"modified":"2026-01-23T13:34:08","modified_gmt":"2026-01-23T10:34:08","slug":"vildist-sulearvuti-dokumendikott-must","status":"publish","type":"product","link":"https:\/\/summerdesign.ee\/en\/pood\/aksessuaarid\/kotid\/vildist-sulearvuti-dokumendikott-must\/","title":{"rendered":"Vildist s\u00fclearvuti dokumendikott &#8211; must"},"content":{"rendered":"<p>Vildist kott, mis sulgub kr\u00f5psuga (takjarida). Kotil suurem ja v\u00e4iksem sahtel.<\/p>","protected":false},"excerpt":{"rendered":"<p>M\u00f5\u00f5t: 41,5 x 28 cm <\/p>","protected":false},"featured_media":20274,"template":"","meta":[],"product_brand":[],"product_cat":[650],"product_tag":[],"class_list":{"0":"post-20275","1":"product","2":"type-product","3":"status-publish","4":"has-post-thumbnail","6":"product_cat-kotid","8":"first","9":"outofstock","10":"taxable","11":"shipping-taxable","12":"purchasable","13":"product-type-simple","14":"prodpage-classic"},"_links":{"self":[{"href":"https:\/\/summerdesign.ee\/en\/wp-json\/wp\/v2\/product\/20275","targetHints":{"allow":["GET"]}}],"collection":[{"href":"https:\/\/summerdesign.ee\/en\/wp-json\/wp\/v2\/product"}],"about":[{"href":"https:\/\/summerdesign.ee\/en\/wp-json\/wp\/v2\/types\/product"}],"wp:featuredmedia":[{"embeddable":true,"href":"https:\/\/summerdesign.ee\/en\/wp-json\/wp\/v2\/media\/20274"}],"wp:attachment":[{"href":"https:\/\/summerdesign.ee\/en\/wp-json\/wp\/v2\/media?parent=20275"}],"wp:term":[{"taxonomy":"product_brand","embeddable":true,"href":"https:\/\/summerdesign.ee\/en\/wp-json\/wp\/v2\/product_brand?post=20275"},{"taxonomy":"product_cat","embeddable":true,"href":"https:\/\/summerdesign.ee\/en\/wp-json\/wp\/v2\/product_cat?post=20275"},{"taxonomy":"product_tag","embeddable":true,"href":"https:\/\/summerdesign.ee\/en\/wp-json\/wp\/v2\/product_tag?post=20275"}],"curies":[{"name":"wp","href":"https:\/\/api.w.org\/{rel}","templated":true}]}}