{"id":20235,"date":"2025-06-14T14:01:34","date_gmt":"2025-06-14T11:01:34","guid":{"rendered":"https:\/\/summerdesign.ee\/pood\/maaratlemata\/peegelpinnaga-kartong-a4-10-lehte-punane\/"},"modified":"2026-01-26T03:00:09","modified_gmt":"2026-01-26T00:00:09","slug":"peegelpinnaga-kartong-a4-10-lehte-punane","status":"publish","type":"product","link":"https:\/\/summerdesign.ee\/en\/pood\/paber\/peegel-ja-satiinkartong\/peegelpinnaga-kartong-a4-10-lehte-punane\/","title":{"rendered":"Peegelpinnaga kartong A4 &#8211; punane"},"content":{"rendered":"<p>\u00dchepoolse satiinpinnaga kartong, millest saad valmistada toppereid, b\u00e4nnereid jne.<br \/>\nSobib l\u00f5ikamiseks digitaalsete ja manuaalsete l\u00f5ikemasinatega.<br \/>\nM\u00f5\u00f5dud: A4, 240 g\/m\u00b2<br \/>\nPakis: 10 lehte<\/p>","protected":false},"excerpt":{"rendered":"<p>Tarneaeg: 1-3 t\u00f6\u00f6p\u00e4eva<\/p>","protected":false},"featured_media":20234,"template":"","meta":[],"product_brand":[],"product_cat":[278],"product_tag":[],"class_list":{"0":"post-20235","1":"product","2":"type-product","3":"status-publish","4":"has-post-thumbnail","6":"product_cat-peegel-ja-satiinkartong","8":"first","9":"instock","10":"taxable","11":"shipping-taxable","12":"purchasable","13":"product-type-simple","14":"prodpage-classic"},"_links":{"self":[{"href":"https:\/\/summerdesign.ee\/en\/wp-json\/wp\/v2\/product\/20235","targetHints":{"allow":["GET"]}}],"collection":[{"href":"https:\/\/summerdesign.ee\/en\/wp-json\/wp\/v2\/product"}],"about":[{"href":"https:\/\/summerdesign.ee\/en\/wp-json\/wp\/v2\/types\/product"}],"wp:featuredmedia":[{"embeddable":true,"href":"https:\/\/summerdesign.ee\/en\/wp-json\/wp\/v2\/media\/20234"}],"wp:attachment":[{"href":"https:\/\/summerdesign.ee\/en\/wp-json\/wp\/v2\/media?parent=20235"}],"wp:term":[{"taxonomy":"product_brand","embeddable":true,"href":"https:\/\/summerdesign.ee\/en\/wp-json\/wp\/v2\/product_brand?post=20235"},{"taxonomy":"product_cat","embeddable":true,"href":"https:\/\/summerdesign.ee\/en\/wp-json\/wp\/v2\/product_cat?post=20235"},{"taxonomy":"product_tag","embeddable":true,"href":"https:\/\/summerdesign.ee\/en\/wp-json\/wp\/v2\/product_tag?post=20235"}],"curies":[{"name":"wp","href":"https:\/\/api.w.org\/{rel}","templated":true}]}}