{"id":20222,"date":"2025-06-09T21:07:18","date_gmt":"2025-06-09T18:07:18","guid":{"rendered":"https:\/\/summerdesign.ee\/pood\/maaratlemata\/collall-universaalliim-1000-ml\/"},"modified":"2025-10-23T13:53:17","modified_gmt":"2025-10-23T10:53:17","slug":"collall-universaalliim-1000-ml","status":"publish","type":"product","link":"https:\/\/summerdesign.ee\/en\/pood\/ettetellimine\/tarvikud-tellimisega\/collall-universaalliim-1000-ml\/","title":{"rendered":"Collall universaalliim 1000 ml"},"content":{"rendered":"<p><span style=\"font-size: 12px\">Collall universaalliim on keskmise viskoossusega lahustip\u00f5hine liim, mis on l<\/span>\u00e4bipaistev, tugev ja kiirsti kuivav.<br \/>\nLiimitavad materjalid peavad olema kuivad. Kandke liim \u00fchele pinnale ja laske m\u00f5neks hetkeks kuivada. Seej\u00e4rel suruge kaks pinda kokku. Tugevama nakkumise saavutamiseks kandke liim m\u00f5lemale pinnale.&nbsp;<br \/>\n<span style=\"font-size: 12px\"><span style=\", sans-serif\">Sobib kasutamiseks paber,papp, puit, kanga, klaas, keraamika, p\u00e4rlid, nahk, vilt, plastik.<\/span><br \/>\nV\u00f5ib tekitada peap\u00f6\u00f6ritust (\u200bt<\/span>ugev l\u00f5hn &#8211; atsetoon).&nbsp;<span style=\"font-size: 12px\">&nbsp;Eelista kasutada ruumis, kus on hea ventilatsioon v\u00f5i akna avamise v\u00f5imalus!<\/span><\/p>","protected":false},"excerpt":{"rendered":"<p>Maht: 1000 ml<\/p>","protected":false},"featured_media":20643,"template":"","meta":[],"product_brand":[],"product_cat":[635],"product_tag":[],"class_list":{"0":"post-20222","1":"product","2":"type-product","3":"status-publish","4":"has-post-thumbnail","6":"product_cat-tarvikud-tellimisega","8":"first","9":"onbackorder","10":"taxable","11":"shipping-taxable","12":"purchasable","13":"product-type-simple","14":"prodpage-classic"},"_links":{"self":[{"href":"https:\/\/summerdesign.ee\/en\/wp-json\/wp\/v2\/product\/20222","targetHints":{"allow":["GET"]}}],"collection":[{"href":"https:\/\/summerdesign.ee\/en\/wp-json\/wp\/v2\/product"}],"about":[{"href":"https:\/\/summerdesign.ee\/en\/wp-json\/wp\/v2\/types\/product"}],"wp:featuredmedia":[{"embeddable":true,"href":"https:\/\/summerdesign.ee\/en\/wp-json\/wp\/v2\/media\/20643"}],"wp:attachment":[{"href":"https:\/\/summerdesign.ee\/en\/wp-json\/wp\/v2\/media?parent=20222"}],"wp:term":[{"taxonomy":"product_brand","embeddable":true,"href":"https:\/\/summerdesign.ee\/en\/wp-json\/wp\/v2\/product_brand?post=20222"},{"taxonomy":"product_cat","embeddable":true,"href":"https:\/\/summerdesign.ee\/en\/wp-json\/wp\/v2\/product_cat?post=20222"},{"taxonomy":"product_tag","embeddable":true,"href":"https:\/\/summerdesign.ee\/en\/wp-json\/wp\/v2\/product_tag?post=20222"}],"curies":[{"name":"wp","href":"https:\/\/api.w.org\/{rel}","templated":true}]}}