{"id":20184,"date":"2025-05-28T06:31:28","date_gmt":"2025-05-28T03:31:28","guid":{"rendered":"https:\/\/summerdesign.ee\/pood\/maaratlemata\/labipaistvast-akruulist-pulgad-o-4-mm-15-cm-20-tk\/"},"modified":"2026-03-28T03:00:10","modified_gmt":"2026-03-28T00:00:10","slug":"labipaistvast-akruulist-pulgad-o-4-mm-15-cm-20-tk","status":"publish","type":"product","link":"https:\/\/summerdesign.ee\/en\/pood\/tarvikud\/pulgad-topperitele-ja-pulgakookidele\/labipaistvast-akruulist-pulgad-o-4-mm-15-cm-20-tk\/","title":{"rendered":"L\u00e4bipaistvast akr\u00fc\u00fclist pulgad \u00d8 4 mm 15 cm 20 tk"},"content":{"rendered":"<p>Transparent acrylic sticks for cake toppers, stick cakes \/ candy!<\/p>","protected":false},"excerpt":{"rendered":"<p>M\u00f5\u00f5t: 15 cm, \u00d8 4 mm<br \/>\nPakis: 20 tk<\/p>","protected":false},"featured_media":20183,"template":"","meta":[],"product_brand":[],"product_cat":[273],"product_tag":[],"class_list":{"0":"post-20184","1":"product","2":"type-product","3":"status-publish","4":"has-post-thumbnail","6":"product_cat-pulgad-topperitele-ja-pulgakookidele","8":"first","9":"instock","10":"taxable","11":"shipping-taxable","12":"purchasable","13":"product-type-simple","14":"prodpage-classic"},"_links":{"self":[{"href":"https:\/\/summerdesign.ee\/en\/wp-json\/wp\/v2\/product\/20184","targetHints":{"allow":["GET"]}}],"collection":[{"href":"https:\/\/summerdesign.ee\/en\/wp-json\/wp\/v2\/product"}],"about":[{"href":"https:\/\/summerdesign.ee\/en\/wp-json\/wp\/v2\/types\/product"}],"wp:featuredmedia":[{"embeddable":true,"href":"https:\/\/summerdesign.ee\/en\/wp-json\/wp\/v2\/media\/20183"}],"wp:attachment":[{"href":"https:\/\/summerdesign.ee\/en\/wp-json\/wp\/v2\/media?parent=20184"}],"wp:term":[{"taxonomy":"product_brand","embeddable":true,"href":"https:\/\/summerdesign.ee\/en\/wp-json\/wp\/v2\/product_brand?post=20184"},{"taxonomy":"product_cat","embeddable":true,"href":"https:\/\/summerdesign.ee\/en\/wp-json\/wp\/v2\/product_cat?post=20184"},{"taxonomy":"product_tag","embeddable":true,"href":"https:\/\/summerdesign.ee\/en\/wp-json\/wp\/v2\/product_tag?post=20184"}],"curies":[{"name":"wp","href":"https:\/\/api.w.org\/{rel}","templated":true}]}}