{"id":20032,"date":"2025-04-04T18:08:26","date_gmt":"2025-04-04T15:08:26","guid":{"rendered":"https:\/\/summerdesign.ee\/pood\/maaratlemata\/cricut-explore-4-digitaalne-loikamismasin\/"},"modified":"2026-01-31T20:19:04","modified_gmt":"2026-01-31T17:19:04","slug":"cricut-explore-4-digitaalne-loikamismasin","status":"publish","type":"product","link":"https:\/\/summerdesign.ee\/en\/pood\/ettetellimine\/cricut-tooted-tellimisega\/cricut-explore-4-digitaalne-loikamismasin\/","title":{"rendered":"Cricut Explore 4 digitaalne l\u00f5ikamismasin"},"content":{"rendered":"<p>Cricut Explore 4 digitaalne l\u00f5ikamismasin on kiireim ja t\u00e4psem kui eelnevad eelk\u00e4ija, mille abil saab l\u00f5igata, kirjutada, joonistada jne.<br \/>\n\u00dchildub teie koduse tindiprinteriga t\u00e4isv\u00e4rviliste kujunduste printimiseks ja l\u00f5ikamiseks.<br \/>\nVaata tutvustavat videot <a href=\"https:\/\/www.youtube.com\/watch?v=7ma07HdI7oc\">SIIT<\/a>&nbsp;ja unboxing video <a href=\"https:\/\/www.youtube.com\/watch?v=9BaxJ1H9TiE\">SIIT<\/a><\/p>\n<p>Komplektis:&nbsp;Cricut Explore 4&nbsp; l\u00f5ikemasin<br \/>\nPremium Fine-Point Blade + korpus<br \/>\nHelesinine l\u00f5ikematt<br \/>\nPeene otsaga pliiats (0,4 mm)<br \/>\nMini Weeder<br \/>\nMaterjalid harjutusl\u00f5igeteks<br \/>\nUSB-kaabel ja toiteadapter<br \/>\nVaata<\/p>","protected":false},"excerpt":{"rendered":"<p>Toode on ettetellimisega ja ooteaeg on 7-10 t\u00f6\u00f6p\u00e4eva!<br \/>\nNB! Toote saatmine toimub ainult Omniva kullerteenusega kuna pakiautomaati see ei mahu! Ettevaatlik saatmistasu on 9.50\u20ac. V\u00f5imalus tulla ka ise j\u00e4rele Tallinnas Kadaka tee 63.<\/p>\n<p>Masina tellijale pakume tutvustavat koolitust meie Tallinna stuudios.<\/p>","protected":false},"featured_media":20031,"template":"","meta":[],"product_brand":[],"product_cat":[621],"product_tag":[],"class_list":{"0":"post-20032","1":"product","2":"type-product","3":"status-publish","4":"has-post-thumbnail","6":"product_cat-cricut-tooted-tellimisega","8":"first","9":"onbackorder","10":"taxable","11":"shipping-taxable","12":"purchasable","13":"product-type-simple","14":"prodpage-classic"},"_links":{"self":[{"href":"https:\/\/summerdesign.ee\/en\/wp-json\/wp\/v2\/product\/20032","targetHints":{"allow":["GET"]}}],"collection":[{"href":"https:\/\/summerdesign.ee\/en\/wp-json\/wp\/v2\/product"}],"about":[{"href":"https:\/\/summerdesign.ee\/en\/wp-json\/wp\/v2\/types\/product"}],"wp:featuredmedia":[{"embeddable":true,"href":"https:\/\/summerdesign.ee\/en\/wp-json\/wp\/v2\/media\/20031"}],"wp:attachment":[{"href":"https:\/\/summerdesign.ee\/en\/wp-json\/wp\/v2\/media?parent=20032"}],"wp:term":[{"taxonomy":"product_brand","embeddable":true,"href":"https:\/\/summerdesign.ee\/en\/wp-json\/wp\/v2\/product_brand?post=20032"},{"taxonomy":"product_cat","embeddable":true,"href":"https:\/\/summerdesign.ee\/en\/wp-json\/wp\/v2\/product_cat?post=20032"},{"taxonomy":"product_tag","embeddable":true,"href":"https:\/\/summerdesign.ee\/en\/wp-json\/wp\/v2\/product_tag?post=20032"}],"curies":[{"name":"wp","href":"https:\/\/api.w.org\/{rel}","templated":true}]}}