{"id":19991,"date":"2025-03-27T14:11:06","date_gmt":"2025-03-27T11:11:06","guid":{"rendered":"https:\/\/summerdesign.ee\/pood\/maaratlemata\/jute-olakott-35-x-37-x-18-cm-erinevat-varvi\/"},"modified":"2025-10-23T08:24:57","modified_gmt":"2025-10-23T05:24:57","slug":"jute-olakott-35-x-37-x-18-cm-erinevat-varvi","status":"publish","type":"product","link":"https:\/\/summerdesign.ee\/en\/pood\/ettetellimine\/muud-kotid-tellimisega\/jute-olakott-35-x-37-x-18-cm-erinevat-varvi\/","title":{"rendered":"Jute \u00f5lakott 35 x 37 x 18 cm &#8211; erinevat v\u00e4rvi"},"content":{"rendered":"<p>Sisemine tasku<br \/>\nV\u00f6\u00f6 kandesangad<br \/>\nSaab kanda k\u00e4es v\u00f5i \u00fcle \u00f5la<br \/>\nK\u00e4epideme pikkus: 63 cm<br \/>\nMahutavus: 34 liitrit<\/p>","protected":false},"excerpt":{"rendered":"<p>M\u00f5\u00f5dud: 35 x 37 x 18 cm<br \/>\nMaterjal: 100% Soft Washed Jute<br \/>\nNB! Kanga olemuse t\u00f5ttu v\u00f5ivad v\u00e4rvi toonid varieeruda!<\/p>","protected":false},"featured_media":20005,"template":"","meta":[],"product_brand":[],"product_cat":[630],"product_tag":[],"class_list":{"0":"post-19991","1":"product","2":"type-product","3":"status-publish","4":"has-post-thumbnail","6":"product_cat-muud-kotid-tellimisega","8":"first","9":"onbackorder","10":"taxable","11":"shipping-taxable","12":"purchasable","13":"product-type-variable","14":"prodpage-classic"},"_links":{"self":[{"href":"https:\/\/summerdesign.ee\/en\/wp-json\/wp\/v2\/product\/19991","targetHints":{"allow":["GET"]}}],"collection":[{"href":"https:\/\/summerdesign.ee\/en\/wp-json\/wp\/v2\/product"}],"about":[{"href":"https:\/\/summerdesign.ee\/en\/wp-json\/wp\/v2\/types\/product"}],"wp:featuredmedia":[{"embeddable":true,"href":"https:\/\/summerdesign.ee\/en\/wp-json\/wp\/v2\/media\/20005"}],"wp:attachment":[{"href":"https:\/\/summerdesign.ee\/en\/wp-json\/wp\/v2\/media?parent=19991"}],"wp:term":[{"taxonomy":"product_brand","embeddable":true,"href":"https:\/\/summerdesign.ee\/en\/wp-json\/wp\/v2\/product_brand?post=19991"},{"taxonomy":"product_cat","embeddable":true,"href":"https:\/\/summerdesign.ee\/en\/wp-json\/wp\/v2\/product_cat?post=19991"},{"taxonomy":"product_tag","embeddable":true,"href":"https:\/\/summerdesign.ee\/en\/wp-json\/wp\/v2\/product_tag?post=19991"}],"curies":[{"name":"wp","href":"https:\/\/api.w.org\/{rel}","templated":true}]}}